{"id":1187,"date":"2014-11-25T22:53:30","date_gmt":"2014-11-25T21:53:30","guid":{"rendered":"http:\/\/www.fondation-sana.ch\/?page_id=1187"},"modified":"2020-09-19T05:14:04","modified_gmt":"2020-09-19T03:14:04","slug":"prix-sana-2014-2-old-page","status":"publish","type":"page","link":"https:\/\/www.fondation-sana.ch\/fr\/prix-sana\/prix-sana-2014-2-old-page\/","title":{"rendered":"Prix Sana 2014"},"content":{"rendered":"<p>[two_third valign=\u00a0\u00bbtop\u00a0\u00bb animation=\u00a0\u00bbnone\u00a0\u00bb]<\/p>\n<h3>Le prix national de la sant\u00e9 Prix Sana va dans le canton de Vaud et en Suisse orientale<\/h3>\n<p><strong>Le 29 novembre 2014, le prix national de la sant\u00e9 Prix Sana a \u00e9t\u00e9 attribu\u00e9 pour la quatri\u00e8me fois. Le premier et le deuxi\u00e8me prix ont \u00e9t\u00e9 d\u00e9cern\u00e9s \u00e0 deux Vaudoises. Le troisi\u00e8me a distingu\u00e9 une Saint-Galloise. Le Prix Sana de la Fondation Sana est dot\u00e9, au total, de 30&rsquo;000 francs et est le plus important prix de la sant\u00e9 pour des personnes individuelles. La remise du prix sera anim\u00e9e par Nik Hartmann, dans le cadre du salon Swiss Handicap, \u00e0 Lucerne.<\/strong><\/p>\n<p>A travers le Prix Sana, la Fondation Sana rend hommage, chaque ann\u00e9e, \u00e0 une ou plusieurs personnes pour leur engagement altruiste en faveur du bien-\u00eatre de leurs semblables. Cette ann\u00e9e, le Prix Sana a honor\u00e9 pas moins de trois laur\u00e9ates. La remise du prix en pr\u00e9sence du conseiller d\u2019Etat Guido Graf, chef du d\u00e9partement de la sant\u00e9 et des affaires sociales du canton de Lucerne, a \u00e9galement marqu\u00e9 le point culminant des festivit\u00e9s du 10\u00e8me anniversaire de la Fondation Sana.<\/p>\n<p>Les laur\u00e9ates ont \u00e9t\u00e9 d\u00e9sign\u00e9es par le jury apr\u00e8s examen approfondi de nombreuses propositions. Le premier prix de 12&rsquo;000 francs est all\u00e9 \u00e0 <strong>Carmen Arnold<\/strong>, Corcelles-pr\u00e8s-Payerne, canton de Vaud. Elle a d\u00fb affronter une longue s\u00e9rie de coups du sort, tout au long de sa vie. Elle-m\u00eame souffrante, elle s\u2019occupe pendant environ 150 jours par an de ses deux enfants (31 et 33 ans) lourdement handicap\u00e9s. L\u2019ann\u00e9e derni\u00e8re, elle a \u00e9t\u00e9 victime d\u2019un double coup du sort: elle a d\u2019abord perdu son mari, puis, peu apr\u00e8s, son fils sain. Malgr\u00e9 cela, Carmen poursuit sur sa lanc\u00e9e et continue \u2013 d\u00e9sormais seule \u2013 de prendre ses deux enfants chaque week-end \u00e0 la maison ainsi que de nombreux autres jours de la semaine, et s\u2019en occupe avec une \u00e9nergie et un amour admirable, 24 heures sur 24.<\/p>\n<p><iframe title=\"Prix Sana 2014 - Arnold (UT) 2\" width=\"800\" height=\"450\" src=\"https:\/\/www.youtube.com\/embed\/cKVn4zIXJv4?feature=oembed\" frameborder=\"0\" allow=\"accelerometer; autoplay; clipboard-write; encrypted-media; gyroscope; picture-in-picture\" allowfullscreen><\/iframe><\/p>\n<p>Le deuxi\u00e8me prix de 10&rsquo;000 francs a \u00e9t\u00e9 remis \u00e0 <strong>Anna Stutz<\/strong>, Buchillon, canton de Vaud. Jade est la fille d\u2019Anna Stutz. Jade souffre d\u2019autisme. Il y a 14 ans, Anna Stutz chercha une place d\u2019accueil \u00e0 br\u00e8ve \u00e9ch\u00e9ance pour Jade, du fait qu\u2019elle devait elle-m\u00eame entrer \u00e0 l\u2019h\u00f4pital \u2013 sans succ\u00e8s. La m\u00eame ann\u00e9e, elle cr\u00e9a avec son \u00e9pargne une fondation pour l\u2019encadrement d\u2019enfants autistes. Celle-ci s\u2019est d\u00e9velopp\u00e9e et g\u00e8re aujourd\u2019hui un home pour enfants et adolescents autistes. Anna Stutz veut donner \u00e0 ces enfants un encadrement individuel et leur permettre une vie la plus autonome possible. Ce faisant, elle d\u00e9charge chaque jour de nombreuses familles.<\/p>\n<p><iframe title=\"Prix Sana 2014 - Stutz (UT) 2\" width=\"800\" height=\"450\" src=\"https:\/\/www.youtube.com\/embed\/ZbOcQGiw8Xg?feature=oembed\" frameborder=\"0\" allow=\"accelerometer; autoplay; clipboard-write; encrypted-media; gyroscope; picture-in-picture\" allowfullscreen><\/iframe><\/p>\n<p>Enfin, le troisi\u00e8me prix de 8000 francs a r\u00e9compens\u00e9 <strong>Claire Erne<\/strong>, Muolen, canton de St-Gall. Le mari de Claire Erne souffre de la maladie Parkinson depuis 26 ans. Et depuis tout aussi longtemps, Claire Erne s\u2019occupe de lui avec d\u00e9vouement et amour. Durant tout ce temps, elle a acquis des connaissances approfondies de la maladie de Parkinson, qu\u2019elle partage depuis 12 ans en tant que directrice b\u00e9n\u00e9vole du groupe d\u2019entraide ainsi que depuis deux ans dans le groupe des proches. Avec sa joie de vivre et ses conseils, elle a d\u00e9j\u00e0 donn\u00e9 beaucoup de courage \u00e0 plus d\u2019un proche.<\/p>\n<p><iframe title=\"Prix Sana 2014 - Erne (UT)\" width=\"800\" height=\"450\" src=\"https:\/\/www.youtube.com\/embed\/I2nMZSYvynE?feature=oembed\" frameborder=\"0\" allow=\"accelerometer; autoplay; clipboard-write; encrypted-media; gyroscope; picture-in-picture\" allowfullscreen><\/iframe><\/p>\n<h3>Appel \u00e0 candidatures pour le Prix Sana 2015<\/h3>\n<p>La recherche de candidates et de candidats pour le prochain Prix Sana commence d\u00e8s \u00e0 pr\u00e9sent. Tout le monde peut participer et soumettre des propositions. Cinq s\u00e9jours en h\u00f4tel d\u2019une valeur de 1000 francs chacun seront tir\u00e9s au sort parmi toutes les propositions re\u00e7ues. www.prix-sana.ch.<\/p>\n<p>[\/two_third]<\/p>\n<p>[one_third_last valign=\u00a0\u00bbtop\u00a0\u00bb animation=\u00a0\u00bbnone\u00a0\u00bb]<\/p>\n<p>[box style=\u00a0\u00bbsimple\u00a0\u00bb]<\/p>\n<p><strong>MEDIAS<\/strong><\/p>\n<p><a href=\"http:\/\/www.fondation-sana.ch\/wp-content\/uploads\/2014\/11\/MM_PrixSana_141120_fr.pdf\">Communiqu\u00e9 de presse 2014 (PDF)<\/a><br \/>\n<a href=\"http:\/\/www.fondation-sana.ch\/wp-content\/uploads\/2014\/11\/Images_Prix_Sana_2014.zip\">Images 2014 (ZIP)<\/a><\/p>\n<p>[\/box]<\/p>\n<div id='gallery-1' class='gallery galleryid-1187 gallery-columns-2 gallery-size-thumbnail'><figure class='gallery-item'>\n\t\t\t<div class='gallery-icon landscape'>\n\t\t\t\t<a href='https:\/\/www.fondation-sana.ch\/wp-content\/uploads\/2014\/11\/prix_sana_preisverleihung_2014_07.jpg'><img decoding=\"async\" width=\"150\" height=\"150\" src=\"https:\/\/www.fondation-sana.ch\/wp-content\/uploads\/2014\/11\/prix_sana_preisverleihung_2014_07-150x150.jpg\" class=\"attachment-thumbnail size-thumbnail\" alt=\"\" srcset=\"https:\/\/www.fondation-sana.ch\/wp-content\/uploads\/2014\/11\/prix_sana_preisverleihung_2014_07-150x150.jpg 150w, https:\/\/www.fondation-sana.ch\/wp-content\/uploads\/2014\/11\/prix_sana_preisverleihung_2014_07-55x55.jpg 55w\" sizes=\"(max-width: 150px) 100vw, 150px\" \/><\/a>\n\t\t\t<\/div><\/figure><figure class='gallery-item'>\n\t\t\t<div class='gallery-icon landscape'>\n\t\t\t\t<a href='https:\/\/www.fondation-sana.ch\/wp-content\/uploads\/2014\/11\/prix_sana_preisverleihung_2014_04.jpg'><img decoding=\"async\" width=\"150\" height=\"150\" src=\"https:\/\/www.fondation-sana.ch\/wp-content\/uploads\/2014\/11\/prix_sana_preisverleihung_2014_04-150x150.jpg\" class=\"attachment-thumbnail size-thumbnail\" alt=\"\" srcset=\"https:\/\/www.fondation-sana.ch\/wp-content\/uploads\/2014\/11\/prix_sana_preisverleihung_2014_04-150x150.jpg 150w, https:\/\/www.fondation-sana.ch\/wp-content\/uploads\/2014\/11\/prix_sana_preisverleihung_2014_04-55x55.jpg 55w\" sizes=\"(max-width: 150px) 100vw, 150px\" \/><\/a>\n\t\t\t<\/div><\/figure><figure class='gallery-item'>\n\t\t\t<div class='gallery-icon landscape'>\n\t\t\t\t<a href='https:\/\/www.fondation-sana.ch\/wp-content\/uploads\/2014\/11\/prix_sana_preisverleihung_2014_06.jpg'><img decoding=\"async\" width=\"150\" height=\"150\" src=\"https:\/\/www.fondation-sana.ch\/wp-content\/uploads\/2014\/11\/prix_sana_preisverleihung_2014_06-150x150.jpg\" class=\"attachment-thumbnail size-thumbnail\" alt=\"\" srcset=\"https:\/\/www.fondation-sana.ch\/wp-content\/uploads\/2014\/11\/prix_sana_preisverleihung_2014_06-150x150.jpg 150w, https:\/\/www.fondation-sana.ch\/wp-content\/uploads\/2014\/11\/prix_sana_preisverleihung_2014_06-55x55.jpg 55w\" sizes=\"(max-width: 150px) 100vw, 150px\" \/><\/a>\n\t\t\t<\/div><\/figure><figure class='gallery-item'>\n\t\t\t<div class='gallery-icon landscape'>\n\t\t\t\t<a href='https:\/\/www.fondation-sana.ch\/wp-content\/uploads\/2014\/11\/prix_sana_preisverleihung_2014_05.jpg'><img loading=\"lazy\" decoding=\"async\" width=\"150\" height=\"150\" src=\"https:\/\/www.fondation-sana.ch\/wp-content\/uploads\/2014\/11\/prix_sana_preisverleihung_2014_05-150x150.jpg\" class=\"attachment-thumbnail size-thumbnail\" alt=\"\" srcset=\"https:\/\/www.fondation-sana.ch\/wp-content\/uploads\/2014\/11\/prix_sana_preisverleihung_2014_05-150x150.jpg 150w, https:\/\/www.fondation-sana.ch\/wp-content\/uploads\/2014\/11\/prix_sana_preisverleihung_2014_05-55x55.jpg 55w\" sizes=\"(max-width: 150px) 100vw, 150px\" \/><\/a>\n\t\t\t<\/div><\/figure><figure class='gallery-item'>\n\t\t\t<div class='gallery-icon landscape'>\n\t\t\t\t<a href='https:\/\/www.fondation-sana.ch\/wp-content\/uploads\/2014\/11\/prix_sana_preisverleihung_2014_02.jpg'><img loading=\"lazy\" decoding=\"async\" width=\"150\" height=\"150\" src=\"https:\/\/www.fondation-sana.ch\/wp-content\/uploads\/2014\/11\/prix_sana_preisverleihung_2014_02-150x150.jpg\" class=\"attachment-thumbnail size-thumbnail\" alt=\"\" srcset=\"https:\/\/www.fondation-sana.ch\/wp-content\/uploads\/2014\/11\/prix_sana_preisverleihung_2014_02-150x150.jpg 150w, https:\/\/www.fondation-sana.ch\/wp-content\/uploads\/2014\/11\/prix_sana_preisverleihung_2014_02-55x55.jpg 55w\" sizes=\"(max-width: 150px) 100vw, 150px\" \/><\/a>\n\t\t\t<\/div><\/figure><figure class='gallery-item'>\n\t\t\t<div class='gallery-icon landscape'>\n\t\t\t\t<a href='https:\/\/www.fondation-sana.ch\/wp-content\/uploads\/2014\/11\/prix_sana_preisverleihung_2014_03.jpg'><img loading=\"lazy\" decoding=\"async\" width=\"150\" height=\"150\" src=\"https:\/\/www.fondation-sana.ch\/wp-content\/uploads\/2014\/11\/prix_sana_preisverleihung_2014_03-150x150.jpg\" class=\"attachment-thumbnail size-thumbnail\" alt=\"\" srcset=\"https:\/\/www.fondation-sana.ch\/wp-content\/uploads\/2014\/11\/prix_sana_preisverleihung_2014_03-150x150.jpg 150w, https:\/\/www.fondation-sana.ch\/wp-content\/uploads\/2014\/11\/prix_sana_preisverleihung_2014_03-55x55.jpg 55w\" sizes=\"(max-width: 150px) 100vw, 150px\" \/><\/a>\n\t\t\t<\/div><\/figure><figure class='gallery-item'>\n\t\t\t<div class='gallery-icon landscape'>\n\t\t\t\t<a href='https:\/\/www.fondation-sana.ch\/wp-content\/uploads\/2014\/11\/prix_sana_preisverleihung_2014_01.jpg'><img loading=\"lazy\" decoding=\"async\" width=\"150\" height=\"150\" src=\"https:\/\/www.fondation-sana.ch\/wp-content\/uploads\/2014\/11\/prix_sana_preisverleihung_2014_01-150x150.jpg\" class=\"attachment-thumbnail size-thumbnail\" alt=\"\" srcset=\"https:\/\/www.fondation-sana.ch\/wp-content\/uploads\/2014\/11\/prix_sana_preisverleihung_2014_01-150x150.jpg 150w, https:\/\/www.fondation-sana.ch\/wp-content\/uploads\/2014\/11\/prix_sana_preisverleihung_2014_01-55x55.jpg 55w\" sizes=\"(max-width: 150px) 100vw, 150px\" \/><\/a>\n\t\t\t<\/div><\/figure><figure class='gallery-item'>\n\t\t\t<div class='gallery-icon landscape'>\n\t\t\t\t<a href='https:\/\/www.fondation-sana.ch\/wp-content\/uploads\/2014\/11\/prix_sana_preisverleihung_2014_08.jpg'><img loading=\"lazy\" decoding=\"async\" width=\"150\" height=\"150\" src=\"https:\/\/www.fondation-sana.ch\/wp-content\/uploads\/2014\/11\/prix_sana_preisverleihung_2014_08-150x150.jpg\" class=\"attachment-thumbnail size-thumbnail\" alt=\"\" srcset=\"https:\/\/www.fondation-sana.ch\/wp-content\/uploads\/2014\/11\/prix_sana_preisverleihung_2014_08-150x150.jpg 150w, https:\/\/www.fondation-sana.ch\/wp-content\/uploads\/2014\/11\/prix_sana_preisverleihung_2014_08-55x55.jpg 55w\" sizes=\"(max-width: 150px) 100vw, 150px\" \/><\/a>\n\t\t\t<\/div><\/figure>\n\t\t<\/div>\n\n<p>[\/one_third_last]<\/p>\n","protected":false},"excerpt":{"rendered":"<p>[two_third valign=\u00a0\u00bbtop\u00a0\u00bb animation=\u00a0\u00bbnone\u00a0\u00bb] Le prix national de la sant\u00e9 Prix Sana va dans le canton de Vaud et en Suisse orientale Le 29 novembre 2014, le prix national de la sant\u00e9 Prix Sana a \u00e9t\u00e9 attribu\u00e9 pour la quatri\u00e8me fois. Le premier et le deuxi\u00e8me prix ont \u00e9t\u00e9 d\u00e9cern\u00e9s \u00e0 deux Vaudoises. Le troisi\u00e8me a [&hellip;]<\/p>\n","protected":false},"author":2,"featured_media":0,"parent":2149,"menu_order":0,"comment_status":"closed","ping_status":"closed","template":"","meta":{"_acf_changed":false,"_monsterinsights_skip_tracking":false,"_monsterinsights_sitenote_active":false,"_monsterinsights_sitenote_note":"","_monsterinsights_sitenote_category":0,"footnotes":""},"class_list":["post-1187","page","type-page","status-publish","hentry"],"acf":[],"_links":{"self":[{"href":"https:\/\/www.fondation-sana.ch\/fr\/wp-json\/wp\/v2\/pages\/1187","targetHints":{"allow":["GET"]}}],"collection":[{"href":"https:\/\/www.fondation-sana.ch\/fr\/wp-json\/wp\/v2\/pages"}],"about":[{"href":"https:\/\/www.fondation-sana.ch\/fr\/wp-json\/wp\/v2\/types\/page"}],"author":[{"embeddable":true,"href":"https:\/\/www.fondation-sana.ch\/fr\/wp-json\/wp\/v2\/users\/2"}],"replies":[{"embeddable":true,"href":"https:\/\/www.fondation-sana.ch\/fr\/wp-json\/wp\/v2\/comments?post=1187"}],"version-history":[{"count":5,"href":"https:\/\/www.fondation-sana.ch\/fr\/wp-json\/wp\/v2\/pages\/1187\/revisions"}],"predecessor-version":[{"id":2211,"href":"https:\/\/www.fondation-sana.ch\/fr\/wp-json\/wp\/v2\/pages\/1187\/revisions\/2211"}],"up":[{"embeddable":true,"href":"https:\/\/www.fondation-sana.ch\/fr\/wp-json\/wp\/v2\/pages\/2149"}],"wp:attachment":[{"href":"https:\/\/www.fondation-sana.ch\/fr\/wp-json\/wp\/v2\/media?parent=1187"}],"curies":[{"name":"wp","href":"https:\/\/api.w.org\/{rel}","templated":true}]}}