{"id":2149,"date":"2015-11-17T18:57:34","date_gmt":"2015-11-17T17:57:34","guid":{"rendered":"http:\/\/www.fondation-sana.ch\/fr\/?page_id=2149"},"modified":"2026-02-24T14:38:23","modified_gmt":"2026-02-24T13:38:23","slug":"prix-sana","status":"publish","type":"page","link":"https:\/\/www.fondation-sana.ch\/fr\/prix-sana\/","title":{"rendered":"Prix Sana"},"content":{"rendered":"\t\t<div data-elementor-type=\"wp-page\" data-elementor-id=\"2149\" class=\"elementor elementor-2149 elementor-2132\" data-elementor-post-type=\"page\">\n\t\t\t\t\t\t<section class=\"elementor-section elementor-top-section elementor-element elementor-element-52353a1e elementor-section-boxed elementor-section-height-default elementor-section-height-default\" data-id=\"52353a1e\" data-element_type=\"section\" data-e-type=\"section\">\n\t\t\t\t\t\t<div class=\"elementor-container elementor-column-gap-default\">\n\t\t\t\t\t<div class=\"elementor-column elementor-col-100 elementor-top-column elementor-element elementor-element-574ae2d7\" data-id=\"574ae2d7\" data-element_type=\"column\" data-e-type=\"column\">\n\t\t\t<div class=\"elementor-widget-wrap elementor-element-populated\">\n\t\t\t\t\t\t<div class=\"elementor-element elementor-element-5e64e7a dce_masking-none elementor-widget elementor-widget-image\" data-id=\"5e64e7a\" data-element_type=\"widget\" data-e-type=\"widget\" data-widget_type=\"image.default\">\n\t\t\t\t<div class=\"elementor-widget-container\">\n\t\t\t\t\t\t\t\t\t\t\t\t\t\t\t<img fetchpriority=\"high\" decoding=\"async\" width=\"800\" height=\"450\" src=\"https:\/\/www.fondation-sana.ch\/wp-content\/uploads\/2020\/09\/img-heder-prix-sana-1024x576.jpg\" class=\"attachment-large size-large wp-image-4719\" alt=\"\" srcset=\"https:\/\/www.fondation-sana.ch\/wp-content\/uploads\/2020\/09\/img-heder-prix-sana-1024x576.jpg 1024w, https:\/\/www.fondation-sana.ch\/wp-content\/uploads\/2020\/09\/img-heder-prix-sana-300x169.jpg 300w, https:\/\/www.fondation-sana.ch\/wp-content\/uploads\/2020\/09\/img-heder-prix-sana-768x432.jpg 768w, https:\/\/www.fondation-sana.ch\/wp-content\/uploads\/2020\/09\/img-heder-prix-sana-1536x864.jpg 1536w, https:\/\/www.fondation-sana.ch\/wp-content\/uploads\/2020\/09\/img-heder-prix-sana-2048x1152.jpg 2048w\" sizes=\"(max-width: 800px) 100vw, 800px\" \/>\t\t\t\t\t\t\t\t\t\t\t\t\t\t\t<\/div>\n\t\t\t\t<\/div>\n\t\t\t\t<div class=\"elementor-element elementor-element-417ee116 elementor-widget elementor-widget-text-editor\" data-id=\"417ee116\" data-element_type=\"widget\" data-e-type=\"widget\" data-widget_type=\"text-editor.default\">\n\t\t\t\t<div class=\"elementor-widget-container\">\n\t\t\t\t\t\t\t\t\t<p>Avec le Prix Sana, la Fondation Sana distingue, chaque ann\u00e9e, une ou plusieurs personnes qui s\u2019engagent de mani\u00e8re altruiste pour le bien de leurs semblables. Ces bienfaitrices et bienfaiteurs silencieux sont partout. Ils fournissent une contribution inestimable pour la sant\u00e9, que ce soit sous la forme d\u2019actions, de r\u00e9confort ou simplement d\u2019un sourire. Ils m\u00e9ritent notre reconnaissance\u00a0!<\/p><h2>Participez \u00e0 la d\u00e9cision !<\/h2><p>Aidez-nous \u00e0 trouver les bienfaitrices et les bienfaiteurs silencieux parmi nous ! Si vous connaissez quelqu\u2019un qui m\u00e9rite le Prix Sana, \u00e9crivez-nous. Le prix est dot\u00e9 de 30&rsquo;000 francs au total. Pour vous remercier de votre participation, nous tirons au sort 3 x de 1&rsquo;000 francs chacun parmi toutes les propositions re\u00e7ues.<\/p><h2>Le jury<\/h2><p>Les laur\u00e9ates et les laur\u00e9ats sont d\u00e9sign\u00e9s apr\u00e8s examen approfondi de toutes les propositions par un jury, puis invit\u00e9s avec leurs parrains ou marraines pour la remise du prix. La remise des prix est anim\u00e9e par Nik Hartmann.<\/p><h2>Comment proc\u00e9der<\/h2><p>Remplissez le formulaire d&rsquo;inscription. <span style=\"color: var( --e-global-color-text ); font-family: var( --e-global-typography-primary-font-family ); font-size: 1rem; font-weight: var( --e-global-typography-primary-font-weight );\">La date de fin des envois de candidatures est fix\u00e9e au<\/span><span style=\"color: var( --e-global-color-text ); font-family: var( --e-global-typography-primary-font-family ); font-size: 1rem; font-weight: var( --e-global-typography-primary-font-weight );\">\u00a0<\/span><span style=\"color: var( --e-global-color-text ); font-family: var( --e-global-typography-primary-font-family ); font-size: 1rem; font-weight: bolder;\"><span style=\"font-weight: bolder;\">31 mars 2026.<\/span><\/span><\/p>\t\t\t\t\t\t\t\t<\/div>\n\t\t\t\t<\/div>\n\t\t\t\t<div class=\"dce-fix-background-loop elementor-element elementor-element-fc6cf11 textcontent-position-bottom_in acfposts-align-left elementor-widget elementor-widget-dyncontel-acfposts\" data-id=\"fc6cf11\" data-element_type=\"widget\" data-e-type=\"widget\" data-settings=\"{&quot;order_image&quot;:&quot;yes&quot;,&quot;textcontent_position&quot;:&quot;bottom_in&quot;}\" data-widget_type=\"dyncontel-acfposts.default\">\n\t\t\t\t<div class=\"elementor-widget-container\">\n\t\t\t\t\t\t\t\t<div class=\"acfposts-grid dce-posts-wrap flexgrid-style equalHMRWrap eqWrap\" data-style=\"flexgrid\">\n\n\t\t\t\t\n\t\t\t\t\t<div data-dce-post-id=\"7644\" class=\"dce-post-item dce-post-item-7644 dce-elementor-7644 elementor-7630 column-5   equalHMR eq\">\n\n\t\t\t\t\t\t\n\t\t\t\t\t\t<div class=\"dce-wrapper \">\n\n\t\t\t\t\t\t\t\n\t\t\t\t\t\t\t\t\t\t\t\t\t\t\t\t<div class=\"dce-acfposts_content\">\n\t\t\t\t\t\t\t\t\t<h2 class=\"dce-post-title\">\t\t<a href=\"https:\/\/www.fondation-sana.ch\/fr\/prix-sana-2025\/\">Prix Sana 2025<\/a>\t\t<\/h2>\t\t<div class=\"dce-acfposts_image\">\n\t\t\t<div class=\"dce-acfposts_imagewrap\">\t\t\t<a href=\"https:\/\/www.fondation-sana.ch\/fr\/prix-sana-2025\/\">\t\t\t\t\t\t\t<img decoding=\"async\" src=\"https:\/\/www.fondation-sana.ch\/wp-content\/uploads\/2025\/11\/prix-sana-2025-65-1024x683.jpg\" title=\"Prix Sana 2025\" class=\"acfposts-image\" \/>\n\t\t\t\t\n\t\t\t\t\t\t\t\t\t<\/a>\t\t\t<\/div>\t\t<\/div>\n\n\t\t<div class=\"dce-post-date\"><span class=\"d1\">8. novembre 2025<\/span><\/div>\t\t<div class=\"dce_textcontent\">\n\t\t\t\t\t\tDans l' insouciance et sans peur, c'est ainsi que devrait d\u00e9buter la vie. Malheureusement, tel n'est pas toujours le cas. C'est alors que le soutien de personnes comme Dina Hediger et Monika Bodmer est n\u00e9cessaire. Avec le Prix Sana 2025, la Fondation Sana r\u00e9compense leur engagement sans faille et leur \u00e9nergie. Monika Bodmer a connu une enfance difficile marqu\u00e9e par de nombreuses exp\u00e9riences traumatisantes. Gr\u00e2ce \u00e0 son association ABRI et \u00e0 ses animaux, elle aide depuis dix ans des enfants et des jeunes aux prises avec un destin similaire au sien, mais aussi des personnes malades, \u00e2g\u00e9es et mourantes. Dina Hediger sait quant \u00e0 elle par exp\u00e9rience ce qui pr\u00e9occupe les parents lorsque leurs enfants viennent au monde beaucoup trop t\u00f4t. C'est pour cette raison qu'elle a cr\u00e9\u00e9 voil\u00e0 trois ans l'organisation Fr\u00fchchen &amp; Neokinder Schweiz. En tr\u00e8s peu de temps, elle est parvenue \u00e0 marquer un tournant important pour les familles concern\u00e9es gr\u00e2ce \u00e0 une multitude d'activit\u00e9s.\t\t<\/div>\n\t\t<div class=\"dce_readmore_wrapper\"><a href=\"https:\/\/www.fondation-sana.ch\/fr\/prix-sana-2025\/\" class=\"dce_readmore_btn\">Plus \u2026<\/a><\/div>\n\t\t\t\t\t\t\t\t<\/div>\n\t\t\t\t\t\t\t\t\t\t\t\t\t\t\t\t\t\t\t\t\t\t<\/div><!-- end wrapper -->\n\n\t\t\t\t\t<\/div><!-- end item -->\n\n\t\t\t\t\t\n\t\t\t<\/div><!-- end grid -->\n\n\t\t\t\n\t\t\t\t\t\t\t<\/div>\n\t\t\t\t<\/div>\n\t\t\t\t\t<\/div>\n\t\t<\/div>\n\t\t\t\t\t<\/div>\n\t\t<\/section>\n\t\t\t\t<section class=\"elementor-section elementor-top-section elementor-element elementor-element-6a8c8e7 elementor-section-boxed elementor-section-height-default elementor-section-height-default\" data-id=\"6a8c8e7\" data-element_type=\"section\" data-e-type=\"section\">\n\t\t\t\t\t\t<div class=\"elementor-container elementor-column-gap-default\">\n\t\t\t\t\t<div class=\"elementor-column elementor-col-100 elementor-top-column elementor-element elementor-element-03ab6fa\" data-id=\"03ab6fa\" data-element_type=\"column\" data-e-type=\"column\">\n\t\t\t<div class=\"elementor-widget-wrap\">\n\t\t\t\t\t\t\t<\/div>\n\t\t<\/div>\n\t\t\t\t\t<\/div>\n\t\t<\/section>\n\t\t\t\t<\/div>\n\t\t","protected":false},"excerpt":{"rendered":"<p>Avec le Prix Sana, la Fondation Sana distingue, chaque ann\u00e9e, une ou plusieurs personnes qui s\u2019engagent de mani\u00e8re altruiste pour le bien de leurs semblables. Ces bienfaitrices et bienfaiteurs silencieux sont partout. Ils fournissent une contribution inestimable pour la sant\u00e9, que ce soit sous la forme d\u2019actions, de r\u00e9confort ou simplement d\u2019un sourire. Ils m\u00e9ritent notre reconnaissance\u00a0!<\/p>\n","protected":false},"author":1,"featured_media":4719,"parent":0,"menu_order":0,"comment_status":"closed","ping_status":"closed","template":"","meta":{"_acf_changed":false,"_monsterinsights_skip_tracking":false,"_monsterinsights_sitenote_active":false,"_monsterinsights_sitenote_note":"","_monsterinsights_sitenote_category":0,"footnotes":""},"class_list":["post-2149","page","type-page","status-publish","has-post-thumbnail","hentry"],"acf":[],"_links":{"self":[{"href":"https:\/\/www.fondation-sana.ch\/fr\/wp-json\/wp\/v2\/pages\/2149","targetHints":{"allow":["GET"]}}],"collection":[{"href":"https:\/\/www.fondation-sana.ch\/fr\/wp-json\/wp\/v2\/pages"}],"about":[{"href":"https:\/\/www.fondation-sana.ch\/fr\/wp-json\/wp\/v2\/types\/page"}],"author":[{"embeddable":true,"href":"https:\/\/www.fondation-sana.ch\/fr\/wp-json\/wp\/v2\/users\/1"}],"replies":[{"embeddable":true,"href":"https:\/\/www.fondation-sana.ch\/fr\/wp-json\/wp\/v2\/comments?post=2149"}],"version-history":[{"count":106,"href":"https:\/\/www.fondation-sana.ch\/fr\/wp-json\/wp\/v2\/pages\/2149\/revisions"}],"predecessor-version":[{"id":7830,"href":"https:\/\/www.fondation-sana.ch\/fr\/wp-json\/wp\/v2\/pages\/2149\/revisions\/7830"}],"wp:featuredmedia":[{"embeddable":true,"href":"https:\/\/www.fondation-sana.ch\/fr\/wp-json\/wp\/v2\/media\/4719"}],"wp:attachment":[{"href":"https:\/\/www.fondation-sana.ch\/fr\/wp-json\/wp\/v2\/media?parent=2149"}],"curies":[{"name":"wp","href":"https:\/\/api.w.org\/{rel}","templated":true}]}}