{"id":2507,"date":"2017-12-02T16:55:21","date_gmt":"2017-12-02T15:55:21","guid":{"rendered":"http:\/\/www.fondation-sana.ch\/?page_id=2507\/"},"modified":"2020-09-19T05:16:27","modified_gmt":"2020-09-19T03:16:27","slug":"prix-sana-2017-old-page","status":"publish","type":"page","link":"https:\/\/www.fondation-sana.ch\/fr\/prix-sana\/prix-sana-2017-old-page\/","title":{"rendered":"Prix Sana 2017"},"content":{"rendered":"<p>[two_third valign=\u00a0\u00bbtop\u00a0\u00bb animation=\u00a0\u00bbnone\u00a0\u00bb]<\/p>\n<h2>Le prix de la sant\u00e9 Sana 2017 revient \u00e0 une Fribourgeoise et une Grisonne<\/h2>\n<p><strong>La Fondation Sana a d\u00e9cern\u00e9 le prix de la Sant\u00e9 Sana 2017 \u00e0 deux femmes. Regine Schlaginhaufen, de Gueschelmuth (FR), a re\u00e7u 20 000 francs pour la construction d\u2019un centre de soins destin\u00e9 \u00e0 des enfants issus de milieux difficiles. La deuxi\u00e8me laur\u00e9ate, Ursula Tarnutzer, de Tamins (GR), s\u2019est vue attribuer la somme de 10 000 francs. Elle a, elle aussi, consacr\u00e9 toute sa vie au bien-\u00eatre de ses semblables de fa\u00e7on d\u00e9sint\u00e9ress\u00e9e.\u00a0<\/strong><\/p>\n<p>Avec le prix Sana, la fondation Sana, actionnaire principale du Groupe Helsana, rend hommage chaque ann\u00e9e \u00e0 une ou plusieurs personnes. Cette ann\u00e9e, deux femmes ont \u00e9t\u00e9 r\u00e9compens\u00e9es pour leur engagement d\u00e9sint\u00e9ress\u00e9 envers leurs semblables,\u00a0 lors du salon Swiss Handicap qui se d\u00e9roulait \u00e0 Lucerne. L\u2019\u00e9v\u00e8nement a \u00e9t\u00e9 anim\u00e9 le 2 d\u00e9cembre par Nik Hartmann. Le discours de c\u00e9r\u00e9monie a \u00e9t\u00e9 prononc\u00e9 par l\u2019athl\u00e8te en fauteuil roulant Heinz Frei, l\u2019un des plus c\u00e9l\u00e8bres sportifs suisses de tous les temps.<\/p>\n<p>La laur\u00e9ate principale, <strong>Regine Schlaginhaufen<\/strong>, avait tout juste 20 ans lorsqu\u2019elle a accueilli son premier enfant avec son mari. Ensemble, ils ont fond\u00e9 la Grande famille Sunneblueme, au sein de laquelle de nombreux enfants issus de milieux tr\u00e8s d\u00e9favoris\u00e9s ont pu trouver un nouveau foyer. Cette Fribourgeoise, aujourd\u2019hui \u00e2g\u00e9e de 66 ans, a travaill\u00e9 toute sa vie inlassablement pour son centre de soins, et ce, en grande partie b\u00e9n\u00e9volement.<\/p>\n<p><iframe title=\"1 PrixSana2017 Schlaginhaufen\" width=\"800\" height=\"450\" src=\"https:\/\/www.youtube.com\/embed\/VJnvSu9Fa0Q?feature=oembed\" frameborder=\"0\" allow=\"accelerometer; autoplay; clipboard-write; encrypted-media; gyroscope; picture-in-picture\" allowfullscreen><\/iframe><\/p>\n<p>La deuxi\u00e8me laur\u00e9ate, <strong>Ursula Tarnutzer<\/strong>, a pass\u00e9 toute sa vie avec d\u2019autres femmes du village \u00e0 travailler b\u00e9n\u00e9volement comme infirmi\u00e8re, aide \u00e0 domicile, participant m\u00eame aux soins et \u00e0 la mise en bi\u00e8re de personnes d\u00e9funtes. Aujourd\u2019hui encore, \u00e0 l\u2019\u00e2ge de 78 ans, elle ne prend gu\u00e8re de temps pour elle-m\u00eame. Elle s\u2019occupe de son mari alit\u00e9, bien que souffrant elle-m\u00eame d\u2019ost\u00e9oporose et de maux de dos.<\/p>\n<p><iframe title=\"2 PrixSana2017 Tarnutzer\" width=\"800\" height=\"450\" src=\"https:\/\/www.youtube.com\/embed\/MDGCV1jLel0?feature=oembed\" frameborder=\"0\" allow=\"accelerometer; autoplay; clipboard-write; encrypted-media; gyroscope; picture-in-picture\" allowfullscreen><\/iframe><\/p>\n<p>Dot\u00e9 de 30&rsquo;000 francs, le Prix Sana est la distinction la mieux r\u00e9mun\u00e9r\u00e9e remise \u00e0 des particuliers dans le domaine de la sant\u00e9 en Suisse. \u00ab Nombreux sont ceux qui s\u2019engagent jour apr\u00e8s jour, souvent pendant des ann\u00e9es et de mani\u00e8re d\u00e9sint\u00e9ress\u00e9e, en faveur de la sant\u00e9 de personnes de leur entourage, malades, ayant besoin d\u2019aide ou qui se trouvent en marge de la soci\u00e9t\u00e9 \u00bb, explique le Prof. Dr. med. Martin Meuli, directeur de la clinique de chirurgie p\u00e9diatrique de l\u2019H\u00f4pital universitaire de Zurich et pr\u00e9sident du jury. L\u2019histoire de ces deux laur\u00e9ates est exemplaire \u00e0 ses yeux. \u00ab Avec le Prix Sana, ce sont ces gens qui apportent leur aide en toute discr\u00e9tion que nous souhaitons honorer. \u00bb<\/p>\n<h2>\u00c0 la recherche de nouveaux canditdas<\/h2>\n<p>\u00c0 travers le Prix Sana, la Fondation Sana, d\u2019utilit\u00e9 publique, distingue et soutient l\u2019engagement b\u00e9n\u00e9vole et altruiste en faveur de la sant\u00e9 d\u2019autrui. La recherche de laur\u00e9ats potentiels pour le Prix Sana 2017 a d\u00e9j\u00e0 commenc\u00e9. Les propositions peuvent \u00eatre soumises \u00e0 la fondation jusqu\u2019au 31 mars 2017. Parmi toutes les personnes qui soumettront un candidat, trois seront tir\u00e9es au sort et remporteront chacune un bon pour un s\u00e9jour dans un h\u00f4tel d\u2019une valeur de 1000 francs chacun. www.prix-sana.ch.<\/p>\n<p>[\/two_third]<\/p>\n<p>[one_third_last valign=\u00a0\u00bbtop\u00a0\u00bb animation=\u00a0\u00bbnone\u00a0\u00bb]<\/p>\n<p>[box style=\u00a0\u00bbsimple\u00a0\u00bb]<\/p>\n<p><strong>MEDIAS<\/strong><\/p>\n<p><a href=\"http:\/\/www.fondation-sana.ch\/wp-content\/uploads\/2017\/12\/Medienmitteilung_PrixSana2017_fr_def.pdf\" target=\"_blank\" rel=\"noopener noreferrer\">Communique de presse 2017<br \/>\n<\/a><a href=\"http:\/\/www.fondation-sana.ch\/wp-content\/uploads\/2017\/12\/images_prix_sana_2017.zip\">Images 2017 (ZIP)<\/a><\/p>\n<p>[\/box]<\/p>\n<div id='gallery-1' class='gallery galleryid-2507 gallery-columns-2 gallery-size-thumbnail'><figure class='gallery-item'>\n\t\t\t<div class='gallery-icon landscape'>\n\t\t\t\t<a href='https:\/\/www.fondation-sana.ch\/fr\/prix-sana\/prix-sana-2017-old-page\/prix-sana-2017-4-2\/'><img decoding=\"async\" width=\"150\" height=\"150\" src=\"https:\/\/www.fondation-sana.ch\/wp-content\/uploads\/2017\/12\/verleihung_prixsana2017_04-150x150.jpg\" class=\"attachment-thumbnail size-thumbnail\" alt=\"\" aria-describedby=\"gallery-1-3918\" srcset=\"https:\/\/www.fondation-sana.ch\/wp-content\/uploads\/2017\/12\/verleihung_prixsana2017_04-150x150.jpg 150w, https:\/\/www.fondation-sana.ch\/wp-content\/uploads\/2017\/12\/verleihung_prixsana2017_04-55x55.jpg 55w\" sizes=\"(max-width: 150px) 100vw, 150px\" \/><\/a>\n\t\t\t<\/div>\n\t\t\t\t<figcaption class='wp-caption-text gallery-caption' id='gallery-1-3918'>\n\t\t\t\tHeinz Frei, Rollstuhl-Sportler, bei der Verleihung des Prix Sana 2017 in Luzern am 2. Dezember 2017. Fotografiert von Thomas Hodel.\n\t\t\t\t<\/figcaption><\/figure><figure class='gallery-item'>\n\t\t\t<div class='gallery-icon landscape'>\n\t\t\t\t<a href='https:\/\/www.fondation-sana.ch\/fr\/prix-sana\/prix-sana-2017-old-page\/prix-sana-2017-5-2\/'><img decoding=\"async\" width=\"150\" height=\"150\" src=\"https:\/\/www.fondation-sana.ch\/wp-content\/uploads\/2017\/12\/verleihung_prixsana2017_05-150x150.jpg\" class=\"attachment-thumbnail size-thumbnail\" alt=\"\" aria-describedby=\"gallery-1-3920\" srcset=\"https:\/\/www.fondation-sana.ch\/wp-content\/uploads\/2017\/12\/verleihung_prixsana2017_05-150x150.jpg 150w, https:\/\/www.fondation-sana.ch\/wp-content\/uploads\/2017\/12\/verleihung_prixsana2017_05-55x55.jpg 55w\" sizes=\"(max-width: 150px) 100vw, 150px\" \/><\/a>\n\t\t\t<\/div>\n\t\t\t\t<figcaption class='wp-caption-text gallery-caption' id='gallery-1-3920'>\n\t\t\t\tPublikum an der Verleihung des Prix Sana 2017 in Luzern am 2. Dezember 2017. Fotografiert von Thomas Hodel.\n\t\t\t\t<\/figcaption><\/figure><figure class='gallery-item'>\n\t\t\t<div class='gallery-icon landscape'>\n\t\t\t\t<a href='https:\/\/www.fondation-sana.ch\/fr\/prix-sana\/prix-sana-2017-old-page\/prix-sana-2017-3-2\/'><img decoding=\"async\" width=\"150\" height=\"150\" src=\"https:\/\/www.fondation-sana.ch\/wp-content\/uploads\/2017\/12\/verleihung_prixsana2017_03-150x150.jpg\" class=\"attachment-thumbnail size-thumbnail\" alt=\"\" aria-describedby=\"gallery-1-3916\" srcset=\"https:\/\/www.fondation-sana.ch\/wp-content\/uploads\/2017\/12\/verleihung_prixsana2017_03-150x150.jpg 150w, https:\/\/www.fondation-sana.ch\/wp-content\/uploads\/2017\/12\/verleihung_prixsana2017_03-55x55.jpg 55w\" sizes=\"(max-width: 150px) 100vw, 150px\" \/><\/a>\n\t\t\t<\/div>\n\t\t\t\t<figcaption class='wp-caption-text gallery-caption' id='gallery-1-3916'>\n\t\t\t\tHeinz Frei, Rollstuhl-Sportler, bei der Verleihung des Prix Sana 2017 in Luzern am 2. Dezember 2017. Fotografiert von Thomas Hodel.\n\t\t\t\t<\/figcaption><\/figure><figure class='gallery-item'>\n\t\t\t<div class='gallery-icon landscape'>\n\t\t\t\t<a href='https:\/\/www.fondation-sana.ch\/fr\/prix-sana\/prix-sana-2017-old-page\/prix-sana-2017-12-2\/'><img loading=\"lazy\" decoding=\"async\" width=\"150\" height=\"150\" src=\"https:\/\/www.fondation-sana.ch\/wp-content\/uploads\/2017\/12\/verleihung_prixsana2017_12-150x150.jpg\" class=\"attachment-thumbnail size-thumbnail\" alt=\"\" aria-describedby=\"gallery-1-3934\" srcset=\"https:\/\/www.fondation-sana.ch\/wp-content\/uploads\/2017\/12\/verleihung_prixsana2017_12-150x150.jpg 150w, https:\/\/www.fondation-sana.ch\/wp-content\/uploads\/2017\/12\/verleihung_prixsana2017_12-55x55.jpg 55w\" sizes=\"(max-width: 150px) 100vw, 150px\" \/><\/a>\n\t\t\t<\/div>\n\t\t\t\t<figcaption class='wp-caption-text gallery-caption' id='gallery-1-3934'>\n\t\t\t\tDie beiden Gewinnerinen Ursula Tarnutzer und Regine Schlaginhaufen mit Moderator Nik Hartmann, L-R, bei der Verleihung des Prix Sana 2017 in Luzern am 2. Dezember 2017. Fotografiert von Thomas Hodel.\n\t\t\t\t<\/figcaption><\/figure><figure class='gallery-item'>\n\t\t\t<div class='gallery-icon landscape'>\n\t\t\t\t<a href='https:\/\/www.fondation-sana.ch\/fr\/prix-sana\/prix-sana-2017-old-page\/prix-sana-2017-14-2\/'><img loading=\"lazy\" decoding=\"async\" width=\"150\" height=\"150\" src=\"https:\/\/www.fondation-sana.ch\/wp-content\/uploads\/2017\/12\/verleihung_prixsana2017_14-150x150.jpg\" class=\"attachment-thumbnail size-thumbnail\" alt=\"\" aria-describedby=\"gallery-1-3938\" srcset=\"https:\/\/www.fondation-sana.ch\/wp-content\/uploads\/2017\/12\/verleihung_prixsana2017_14-150x150.jpg 150w, https:\/\/www.fondation-sana.ch\/wp-content\/uploads\/2017\/12\/verleihung_prixsana2017_14-55x55.jpg 55w\" sizes=\"(max-width: 150px) 100vw, 150px\" \/><\/a>\n\t\t\t<\/div>\n\t\t\t\t<figcaption class='wp-caption-text gallery-caption' id='gallery-1-3938'>\n\t\t\t\tDie beiden Gewinnerinen Ursula Tarnutzer und Regine Schlaginhaufen bei der Verleihung des Prix Sana 2017 in Luzern am 2. Dezember 2017. Fotografiert von Thomas Hodel.\n\t\t\t\t<\/figcaption><\/figure><figure class='gallery-item'>\n\t\t\t<div class='gallery-icon landscape'>\n\t\t\t\t<a href='https:\/\/www.fondation-sana.ch\/fr\/prix-sana\/prix-sana-2017-old-page\/prix-sana-2017-6-2\/'><img loading=\"lazy\" decoding=\"async\" width=\"150\" height=\"150\" src=\"https:\/\/www.fondation-sana.ch\/wp-content\/uploads\/2017\/12\/verleihung_prixsana2017_06-150x150.jpg\" class=\"attachment-thumbnail size-thumbnail\" alt=\"\" aria-describedby=\"gallery-1-3922\" srcset=\"https:\/\/www.fondation-sana.ch\/wp-content\/uploads\/2017\/12\/verleihung_prixsana2017_06-150x150.jpg 150w, https:\/\/www.fondation-sana.ch\/wp-content\/uploads\/2017\/12\/verleihung_prixsana2017_06-55x55.jpg 55w\" sizes=\"(max-width: 150px) 100vw, 150px\" \/><\/a>\n\t\t\t<\/div>\n\t\t\t\t<figcaption class='wp-caption-text gallery-caption' id='gallery-1-3922'>\n\t\t\t\tMargrit Stadler, von der Fondation Sana, bei der Verleihung des Prix Sana 2017 in Luzern am 2. Dezember 2017. Fotografiert von Thomas Hodel.\n\t\t\t\t<\/figcaption><\/figure><figure class='gallery-item'>\n\t\t\t<div class='gallery-icon landscape'>\n\t\t\t\t<a href='https:\/\/www.fondation-sana.ch\/fr\/prix-sana\/prix-sana-2017-old-page\/prix-sana-2017-9-2\/'><img loading=\"lazy\" decoding=\"async\" width=\"150\" height=\"150\" src=\"https:\/\/www.fondation-sana.ch\/wp-content\/uploads\/2017\/12\/verleihung_prixsana2017_09-150x150.jpg\" class=\"attachment-thumbnail size-thumbnail\" alt=\"\" aria-describedby=\"gallery-1-3928\" srcset=\"https:\/\/www.fondation-sana.ch\/wp-content\/uploads\/2017\/12\/verleihung_prixsana2017_09-150x150.jpg 150w, https:\/\/www.fondation-sana.ch\/wp-content\/uploads\/2017\/12\/verleihung_prixsana2017_09-55x55.jpg 55w\" sizes=\"(max-width: 150px) 100vw, 150px\" \/><\/a>\n\t\t\t<\/div>\n\t\t\t\t<figcaption class='wp-caption-text gallery-caption' id='gallery-1-3928'>\n\t\t\t\tMarco Schmidiger, Margrit Stadler und Hans Naef, L-R, alle Fondation Sana, bei der Verleihung des Prix Sana 2017 in Luzern am 2. Dezember 2017. Fotografiert von Thomas Hodel.\n\t\t\t\t<\/figcaption><\/figure><figure class='gallery-item'>\n\t\t\t<div class='gallery-icon landscape'>\n\t\t\t\t<a href='https:\/\/www.fondation-sana.ch\/fr\/prix-sana\/prix-sana-2017-old-page\/prix-sana-2017-17\/'><img loading=\"lazy\" decoding=\"async\" width=\"150\" height=\"150\" src=\"https:\/\/www.fondation-sana.ch\/wp-content\/uploads\/2017\/12\/verleihung_prixsana2017_01-150x150.jpg\" class=\"attachment-thumbnail size-thumbnail\" alt=\"\" aria-describedby=\"gallery-1-3912\" srcset=\"https:\/\/www.fondation-sana.ch\/wp-content\/uploads\/2017\/12\/verleihung_prixsana2017_01-150x150.jpg 150w, https:\/\/www.fondation-sana.ch\/wp-content\/uploads\/2017\/12\/verleihung_prixsana2017_01-55x55.jpg 55w\" sizes=\"(max-width: 150px) 100vw, 150px\" \/><\/a>\n\t\t\t<\/div>\n\t\t\t\t<figcaption class='wp-caption-text gallery-caption' id='gallery-1-3912'>\n\t\t\t\tNik Hartmann, Moderator, bei der Verleihung des Prix Sana 2017 in Luzern am 2. Dezember 2017. Fotografiert von Thomas Hodel.\n\t\t\t\t<\/figcaption><\/figure><figure class='gallery-item'>\n\t\t\t<div class='gallery-icon landscape'>\n\t\t\t\t<a href='https:\/\/www.fondation-sana.ch\/fr\/prix-sana\/prix-sana-2017-old-page\/prix-sana-2017-11-2\/'><img loading=\"lazy\" decoding=\"async\" width=\"150\" height=\"150\" src=\"https:\/\/www.fondation-sana.ch\/wp-content\/uploads\/2017\/12\/verleihung_prixsana2017_11-150x150.jpg\" class=\"attachment-thumbnail size-thumbnail\" alt=\"\" aria-describedby=\"gallery-1-3932\" srcset=\"https:\/\/www.fondation-sana.ch\/wp-content\/uploads\/2017\/12\/verleihung_prixsana2017_11-150x150.jpg 150w, https:\/\/www.fondation-sana.ch\/wp-content\/uploads\/2017\/12\/verleihung_prixsana2017_11-55x55.jpg 55w\" sizes=\"(max-width: 150px) 100vw, 150px\" \/><\/a>\n\t\t\t<\/div>\n\t\t\t\t<figcaption class='wp-caption-text gallery-caption' id='gallery-1-3932'>\n\t\t\t\tMarco Schmidiger, Fondation Sana, Gewinnerinen Ursula Tarnutzer und Regine Schlaginhaufen, Anne-Marie Huber Hotz Jury Prix Sana, Margrit Stadler und Hans Naef, beide Fondation Sana und Thomas Szucs, Verwaltungsratspraesidentin Helsana, L-R, bei der Verleihung des Prix Sana 2017 in Luzern am 2. Dezember 2017. Fotografiert von Thomas Hodel.\n\t\t\t\t<\/figcaption><\/figure><figure class='gallery-item'>\n\t\t\t<div class='gallery-icon landscape'>\n\t\t\t\t<a href='https:\/\/www.fondation-sana.ch\/fr\/prix-sana\/prix-sana-2017-old-page\/prix-sana-2017-16-2\/'><img loading=\"lazy\" decoding=\"async\" width=\"150\" height=\"150\" src=\"https:\/\/www.fondation-sana.ch\/wp-content\/uploads\/2017\/12\/verleihung_prixsana2017_16-150x150.jpg\" class=\"attachment-thumbnail size-thumbnail\" alt=\"\" aria-describedby=\"gallery-1-3430\" srcset=\"https:\/\/www.fondation-sana.ch\/wp-content\/uploads\/2017\/12\/verleihung_prixsana2017_16-150x150.jpg 150w, https:\/\/www.fondation-sana.ch\/wp-content\/uploads\/2017\/12\/verleihung_prixsana2017_16-55x55.jpg 55w\" sizes=\"(max-width: 150px) 100vw, 150px\" \/><\/a>\n\t\t\t<\/div>\n\t\t\t\t<figcaption class='wp-caption-text gallery-caption' id='gallery-1-3430'>\n\t\t\t\tDie Gewinnerin Regine Schlaginhaufen bei der Verleihung des Prix Sana 2017 in Luzern am 2. Dezember 2017. Fotografiert von Thomas Hodel.\n\t\t\t\t<\/figcaption><\/figure><figure class='gallery-item'>\n\t\t\t<div class='gallery-icon landscape'>\n\t\t\t\t<a href='https:\/\/www.fondation-sana.ch\/fr\/prix-sana\/prix-sana-2017-old-page\/prix-sana-2017-8-2\/'><img loading=\"lazy\" decoding=\"async\" width=\"150\" height=\"150\" src=\"https:\/\/www.fondation-sana.ch\/wp-content\/uploads\/2017\/12\/verleihung_prixsana2017_08-150x150.jpg\" class=\"attachment-thumbnail size-thumbnail\" alt=\"\" aria-describedby=\"gallery-1-3926\" srcset=\"https:\/\/www.fondation-sana.ch\/wp-content\/uploads\/2017\/12\/verleihung_prixsana2017_08-150x150.jpg 150w, https:\/\/www.fondation-sana.ch\/wp-content\/uploads\/2017\/12\/verleihung_prixsana2017_08-55x55.jpg 55w\" sizes=\"(max-width: 150px) 100vw, 150px\" \/><\/a>\n\t\t\t<\/div>\n\t\t\t\t<figcaption class='wp-caption-text gallery-caption' id='gallery-1-3926'>\n\t\t\t\tNik Hartmann und die beiden Gewinnerinen Ursula Tarnutzer und Regine Schlaginhaufen, L-R, bei der Verleihung des Prix Sana 2017 in Luzern am 2. Dezember 2017. Fotografiert von Thomas Hodel.\n\t\t\t\t<\/figcaption><\/figure><figure class='gallery-item'>\n\t\t\t<div class='gallery-icon landscape'>\n\t\t\t\t<a href='https:\/\/www.fondation-sana.ch\/fr\/prix-sana\/prix-sana-2017-old-page\/prix-sana-2017-15-2\/'><img loading=\"lazy\" decoding=\"async\" width=\"150\" height=\"150\" src=\"https:\/\/www.fondation-sana.ch\/wp-content\/uploads\/2017\/12\/verleihung_prixsana2017_15-150x150.jpg\" class=\"attachment-thumbnail size-thumbnail\" alt=\"\" aria-describedby=\"gallery-1-3940\" srcset=\"https:\/\/www.fondation-sana.ch\/wp-content\/uploads\/2017\/12\/verleihung_prixsana2017_15-150x150.jpg 150w, https:\/\/www.fondation-sana.ch\/wp-content\/uploads\/2017\/12\/verleihung_prixsana2017_15-55x55.jpg 55w\" sizes=\"(max-width: 150px) 100vw, 150px\" \/><\/a>\n\t\t\t<\/div>\n\t\t\t\t<figcaption class='wp-caption-text gallery-caption' id='gallery-1-3940'>\n\t\t\t\tDie Gewinnerin Ursula Tarnutzer bei der Verleihung des Prix Sana 2017 in Luzern am 2. Dezember 2017. Fotografiert von Thomas Hodel.\n\t\t\t\t<\/figcaption><\/figure><figure class='gallery-item'>\n\t\t\t<div class='gallery-icon landscape'>\n\t\t\t\t<a href='https:\/\/www.fondation-sana.ch\/fr\/prix-sana\/prix-sana-2017-old-page\/prix-sana-2017-13-2\/'><img loading=\"lazy\" decoding=\"async\" width=\"150\" height=\"150\" src=\"https:\/\/www.fondation-sana.ch\/wp-content\/uploads\/2017\/12\/verleihung_prixsana2017_13-150x150.jpg\" class=\"attachment-thumbnail size-thumbnail\" alt=\"\" aria-describedby=\"gallery-1-3936\" srcset=\"https:\/\/www.fondation-sana.ch\/wp-content\/uploads\/2017\/12\/verleihung_prixsana2017_13-150x150.jpg 150w, https:\/\/www.fondation-sana.ch\/wp-content\/uploads\/2017\/12\/verleihung_prixsana2017_13-55x55.jpg 55w\" sizes=\"(max-width: 150px) 100vw, 150px\" \/><\/a>\n\t\t\t<\/div>\n\t\t\t\t<figcaption class='wp-caption-text gallery-caption' id='gallery-1-3936'>\n\t\t\t\tDie beiden Gewinnerinen Ursula Tarnutzer und Regine Schlaginhaufen bei der Verleihung des Prix Sana 2017 in Luzern am 2. Dezember 2017. Fotografiert von Thomas Hodel.\n\t\t\t\t<\/figcaption><\/figure><figure class='gallery-item'>\n\t\t\t<div class='gallery-icon landscape'>\n\t\t\t\t<a href='https:\/\/www.fondation-sana.ch\/fr\/prix-sana\/prix-sana-2017-old-page\/prix-sana-2017-7-2\/'><img loading=\"lazy\" decoding=\"async\" width=\"150\" height=\"150\" src=\"https:\/\/www.fondation-sana.ch\/wp-content\/uploads\/2017\/12\/verleihung_prixsana2017_07-150x150.jpg\" class=\"attachment-thumbnail size-thumbnail\" alt=\"\" aria-describedby=\"gallery-1-3924\" srcset=\"https:\/\/www.fondation-sana.ch\/wp-content\/uploads\/2017\/12\/verleihung_prixsana2017_07-150x150.jpg 150w, https:\/\/www.fondation-sana.ch\/wp-content\/uploads\/2017\/12\/verleihung_prixsana2017_07-55x55.jpg 55w\" sizes=\"(max-width: 150px) 100vw, 150px\" \/><\/a>\n\t\t\t<\/div>\n\t\t\t\t<figcaption class='wp-caption-text gallery-caption' id='gallery-1-3924'>\n\t\t\t\tNik Hartmann und die beiden Gewinnerinen Ursula Tarnutzer und Regine Schlaginhaufen, L-R, bei der Verleihung des Prix Sana 2017 in Luzern am 2. Dezember 2017. Fotografiert von Thomas Hodel.\n\t\t\t\t<\/figcaption><\/figure><figure class='gallery-item'>\n\t\t\t<div class='gallery-icon landscape'>\n\t\t\t\t<a href='https:\/\/www.fondation-sana.ch\/fr\/prix-sana\/prix-sana-2017-old-page\/prix-sana-2017-10-2\/'><img loading=\"lazy\" decoding=\"async\" width=\"150\" height=\"150\" src=\"https:\/\/www.fondation-sana.ch\/wp-content\/uploads\/2017\/12\/verleihung_prixsana2017_10-150x150.jpg\" class=\"attachment-thumbnail size-thumbnail\" alt=\"\" aria-describedby=\"gallery-1-3930\" srcset=\"https:\/\/www.fondation-sana.ch\/wp-content\/uploads\/2017\/12\/verleihung_prixsana2017_10-150x150.jpg 150w, https:\/\/www.fondation-sana.ch\/wp-content\/uploads\/2017\/12\/verleihung_prixsana2017_10-55x55.jpg 55w\" sizes=\"(max-width: 150px) 100vw, 150px\" \/><\/a>\n\t\t\t<\/div>\n\t\t\t\t<figcaption class='wp-caption-text gallery-caption' id='gallery-1-3930'>\n\t\t\t\tMarco Schmidiger, Fondation Sana, Gewinnerinen Ursula Tarnutzer und Regine Schlaginhaufen, Margrit Stadler und Hans Naef, beide Fondation Sana, L-R, bei der Verleihung des Prix Sana 2017 in Luzern am 2. Dezember 2017. Fotografiert von Thomas Hodel.\n\t\t\t\t<\/figcaption><\/figure><figure class='gallery-item'>\n\t\t\t<div class='gallery-icon landscape'>\n\t\t\t\t<a href='https:\/\/www.fondation-sana.ch\/fr\/prix-sana\/prix-sana-2017-old-page\/prix-sana-2017-2-2\/'><img loading=\"lazy\" decoding=\"async\" width=\"150\" height=\"150\" src=\"https:\/\/www.fondation-sana.ch\/wp-content\/uploads\/2017\/12\/verleihung_prixsana2017_02-150x150.jpg\" class=\"attachment-thumbnail size-thumbnail\" alt=\"\" aria-describedby=\"gallery-1-3914\" srcset=\"https:\/\/www.fondation-sana.ch\/wp-content\/uploads\/2017\/12\/verleihung_prixsana2017_02-150x150.jpg 150w, https:\/\/www.fondation-sana.ch\/wp-content\/uploads\/2017\/12\/verleihung_prixsana2017_02-55x55.jpg 55w\" sizes=\"(max-width: 150px) 100vw, 150px\" \/><\/a>\n\t\t\t<\/div>\n\t\t\t\t<figcaption class='wp-caption-text gallery-caption' id='gallery-1-3914'>\n\t\t\t\tHans Naef, Praesident Fondation Sana, bei der Verleihung des Prix Sana 2017 in Luzern am 2. Dezember 2017. Fotografiert von Thomas Hodel.\n\t\t\t\t<\/figcaption><\/figure>\n\t\t<\/div>\n\n<p>[\/one_third_last]<\/p>\n","protected":false},"excerpt":{"rendered":"<p>[two_third valign=\u00a0\u00bbtop\u00a0\u00bb animation=\u00a0\u00bbnone\u00a0\u00bb] Le prix de la sant\u00e9 Sana 2017 revient \u00e0 une Fribourgeoise et une Grisonne La Fondation Sana a d\u00e9cern\u00e9 le prix de la Sant\u00e9 Sana 2017 \u00e0 deux femmes. Regine Schlaginhaufen, de Gueschelmuth (FR), a re\u00e7u 20 000 francs pour la construction d\u2019un centre de soins destin\u00e9 \u00e0 des enfants issus de [&hellip;]<\/p>\n","protected":false},"author":2,"featured_media":0,"parent":2149,"menu_order":0,"comment_status":"closed","ping_status":"closed","template":"","meta":{"_acf_changed":false,"_monsterinsights_skip_tracking":false,"_monsterinsights_sitenote_active":false,"_monsterinsights_sitenote_note":"","_monsterinsights_sitenote_category":0,"footnotes":""},"class_list":["post-2507","page","type-page","status-publish","hentry"],"acf":[],"_links":{"self":[{"href":"https:\/\/www.fondation-sana.ch\/fr\/wp-json\/wp\/v2\/pages\/2507","targetHints":{"allow":["GET"]}}],"collection":[{"href":"https:\/\/www.fondation-sana.ch\/fr\/wp-json\/wp\/v2\/pages"}],"about":[{"href":"https:\/\/www.fondation-sana.ch\/fr\/wp-json\/wp\/v2\/types\/page"}],"author":[{"embeddable":true,"href":"https:\/\/www.fondation-sana.ch\/fr\/wp-json\/wp\/v2\/users\/2"}],"replies":[{"embeddable":true,"href":"https:\/\/www.fondation-sana.ch\/fr\/wp-json\/wp\/v2\/comments?post=2507"}],"version-history":[{"count":3,"href":"https:\/\/www.fondation-sana.ch\/fr\/wp-json\/wp\/v2\/pages\/2507\/revisions"}],"predecessor-version":[{"id":4405,"href":"https:\/\/www.fondation-sana.ch\/fr\/wp-json\/wp\/v2\/pages\/2507\/revisions\/4405"}],"up":[{"embeddable":true,"href":"https:\/\/www.fondation-sana.ch\/fr\/wp-json\/wp\/v2\/pages\/2149"}],"wp:attachment":[{"href":"https:\/\/www.fondation-sana.ch\/fr\/wp-json\/wp\/v2\/media?parent=2507"}],"curies":[{"name":"wp","href":"https:\/\/api.w.org\/{rel}","templated":true}]}}