{"id":2644,"date":"2018-10-30T17:26:42","date_gmt":"2018-10-30T16:26:42","guid":{"rendered":"http:\/\/www.fondation-sana.ch\/?page_id=2644"},"modified":"2020-09-19T05:17:09","modified_gmt":"2020-09-19T03:17:09","slug":"prix-sana-2018-old-page","status":"publish","type":"page","link":"https:\/\/www.fondation-sana.ch\/fr\/prix-sana\/prix-sana-2018-old-page\/","title":{"rendered":"Prix Sana 2018"},"content":{"rendered":"<p>[two_third valign=\u00a0\u00bbtop\u00a0\u00bb animation=\u00a0\u00bbnone\u00a0\u00bb]<\/p>\n<h2>Deux Bernoises et un Argovien remportent le prix de la sant\u00e9 Sana 2018<\/h2>\n<p><strong>Le prix de la sant\u00e9 Sana 2018 a \u00e9t\u00e9 d\u00e9cern\u00e9 \u00e0 trois personnes qui se sont investies sans rel\u00e2che et de mani\u00e8re d\u00e9sint\u00e9ress\u00e9e des ann\u00e9es durant pour le bien-\u00eatre d\u2019autres personnes en Suisse: Heinz Keller, de Strengelbach (AG), Christiana Colliard, de Niederwangen (BE) et Yvonne Mettauer, de Niederbipp (BE) ont re\u00e7u chacun 10 000 francs de la Fondation Sana. La remise des prix, qui s\u2019est d\u00e9roul\u00e9e le 3 novembre au Centre suisse des parapl\u00e9giques de Nottwil (LU), a \u00e9t\u00e9 anim\u00e9e par le pr\u00e9sentateur TV, Nik Hartmann. <\/strong><\/p>\n<p>Avec une somme totale de 30 000 francs, le prix Sana est le prix de la sant\u00e9 le plus richement dot\u00e9 de Suisse, remis \u00e0 des particuliers. Cette ann\u00e9e, trois personnes ont \u00e9t\u00e9 r\u00e9compens\u00e9es: deux femmes actives du canton de Berne et un Argovien. \u00abS\u2019investir de mani\u00e8re d\u00e9sint\u00e9ress\u00e9e pour le bien-\u00eatre de ses semblables n\u2019a aucun rapport avec le sexe ou l\u2019\u00e2ge\u00bb, d\u00e9clarait dans son discours de c\u00e9r\u00e9monie le Prof. Thomas Szucs, pr\u00e9sident du conseil d\u2019administration d\u2019Helsana. \u00abNombreux sont les femmes et les hommes qui s\u2019engagent tous les jours, souvent pendant des ann\u00e9es et de mani\u00e8re d\u00e9sint\u00e9ress\u00e9e, pour la sant\u00e9 et la qualit\u00e9 de vie de personnes vivant en Suisse. La plupart sont des b\u00e9n\u00e9voles dont personne ne parle. Et nous voulons leur rendre hommage avec le Prix Sana.\u00bb<\/p>\n<p><iframe title=\"2 Christiana Colliard Farbe 181022 YT\" width=\"800\" height=\"450\" src=\"https:\/\/www.youtube.com\/embed\/ASnAsfZmv10?feature=oembed\" frameborder=\"0\" allow=\"accelerometer; autoplay; clipboard-write; encrypted-media; gyroscope; picture-in-picture\" allowfullscreen><\/iframe><\/p>\n<p><strong>Christiana Colliard<\/strong>, de Niederwangen, exer\u00e7ait la profession d\u2019\u00e9ducatrice au sein de diff\u00e9rents foyers avant de cr\u00e9er le groupe r\u00e9sidentiel \u00ab Wolf \u00bb. Ce lieu offre un sentiment\u00a0de s\u00e9curit\u00e9 et une maison aux enfants et aux adolescents souffrant d\u2019un traumatisme psychique. L\u2019assistance aux enfants indigents repr\u00e9sente pour Christiana Colliard,\u00a053 ans, une motivation et un engagement de vie. \u00ab Je ne pourrais jamais rejeter un enfant dans le besoin \u00bb, dit-elle.<\/p>\n<p><iframe title=\"1 Heinz Keller Farbe 181022 YT\" width=\"800\" height=\"450\" src=\"https:\/\/www.youtube.com\/embed\/uNH56BhHVlY?feature=oembed\" frameborder=\"0\" allow=\"accelerometer; autoplay; clipboard-write; encrypted-media; gyroscope; picture-in-picture\" allowfullscreen><\/iframe><\/p>\n<p><strong>Heinz Keller<\/strong>\u00a0d\u2019Oftringen coache, depuis presque 30 ans, le FC Traktor azb Strengelbach, compos\u00e9 de joueurs atteints d\u2019un handicap. Ceux-ci vivent et travaillent g\u00e9n\u00e9ralement dans la Fondation azb, dans laquelle Heinz Keller, \u00e2g\u00e9 de 62 ans, exerce la fonction de concierge. Les entra\u00eenements et les tournois avec l\u2019\u00e9quipe repr\u00e9sentent une affaire de c\u0153ur pour Heinz Keller. La visite prestigieuse de Gilbert Gress, entra\u00eeneur d\u2019honneur du FC Traktor depuis 20 ans, a lieu \u00e0 fr\u00e9quence r\u00e9guli\u00e8re.<\/p>\n<p><iframe title=\"3 Yvonne Mettauer Farbe 181022 YT\" width=\"800\" height=\"450\" src=\"https:\/\/www.youtube.com\/embed\/0oC3a5b0oEw?feature=oembed\" frameborder=\"0\" allow=\"accelerometer; autoplay; clipboard-write; encrypted-media; gyroscope; picture-in-picture\" allowfullscreen><\/iframe><\/p>\n<p><strong>Yvonne Mettauer<\/strong>, de Niederbipp, contribua \u00e0 la cr\u00e9ation de l\u2019association Swiss Help Dogs, en 2015, dans le but de soutenir les int\u00e9r\u00eats des personnes n\u00e9cessitant\u00a0les services d\u2019un chien d\u2019assistance. L\u2019association coud des chabraques pour chiens, cr\u00e9e des badges, des brochures d\u2019information et des flyers et se tient \u00e0 disposition pour r\u00e9pondre aux questions. \u00c2g\u00e9e de 43 ans, Yvonne Mettauer est active en tant que pr\u00e9sidente b\u00e9n\u00e9vole et reste joignable \u00e0 tout moment. L\u2019association est d\u00e9sormais un point de contacts national pour les propri\u00e9taires de chiens d\u2019assistance et assure la coordination entre les formateurs et les \u00e9leveurs de chiens.<\/p>\n<h2>\u00c0 la recherche de nouveaux candidats<\/h2>\n<p>\u00c0 travers le Prix Sana, la Fondation Sana, d\u2019utilit\u00e9 publique, distingue et soutient l\u2019engagement b\u00e9n\u00e9vole et altruiste en faveur de la sant\u00e9 d\u2019autrui. La recherche de laur\u00e9ats potentiels pour le Prix Sana 2019 a d\u00e9j\u00e0 commenc\u00e9. Les propositions peuvent \u00eatre soumises \u00e0 la fondation jusqu\u2019au 31 mars 2019. Parmi toutes les personnes qui soumettront un candidat, trois seront tir\u00e9es au sort et remporteront chacune un bon pour un s\u00e9jour dans un h\u00f4tel d\u2019une valeur de 1000 francs chacun.<\/p>\n<p>[\/two_third]<\/p>\n<p>[one_third_last valign=\u00a0\u00bbtop\u00a0\u00bb animation=\u00a0\u00bbnone\u00a0\u00bb]<\/p>\n<p>[box style=\u00a0\u00bbsimple\u00a0\u00bb]<\/p>\n<p><strong>MEDIAS<\/strong><\/p>\n<p><a href=\"http:\/\/www.fondation-sana.ch\/wp-content\/uploads\/2018\/11\/Medienmitteilung_PrixSana2018_FR_web.pdf\">Communique de presse 2018<\/a><br \/>\n<a href=\"http:\/\/www.fondation-sana.ch\/wp-content\/uploads\/2018\/11\/bilder_prix-sana_2018.zip\">Images 2018 (ZIP)<\/a><\/p>\n<p>[\/box]<\/p>\n<div id='gallery-1' class='gallery galleryid-2644 gallery-columns-2 gallery-size-thumbnail'><figure class='gallery-item'>\n\t\t\t<div class='gallery-icon landscape'>\n\t\t\t\t<a href='https:\/\/www.fondation-sana.ch\/wp-content\/uploads\/2018\/11\/verleihung_prix_sana_2018_01.jpg'><img decoding=\"async\" width=\"150\" height=\"150\" src=\"https:\/\/www.fondation-sana.ch\/wp-content\/uploads\/2018\/11\/verleihung_prix_sana_2018_01-150x150.jpg\" class=\"attachment-thumbnail size-thumbnail\" alt=\"\" aria-describedby=\"gallery-1-3980\" srcset=\"https:\/\/www.fondation-sana.ch\/wp-content\/uploads\/2018\/11\/verleihung_prix_sana_2018_01-150x150.jpg 150w, https:\/\/www.fondation-sana.ch\/wp-content\/uploads\/2018\/11\/verleihung_prix_sana_2018_01-55x55.jpg 55w\" sizes=\"(max-width: 150px) 100vw, 150px\" \/><\/a>\n\t\t\t<\/div>\n\t\t\t\t<figcaption class='wp-caption-text gallery-caption' id='gallery-1-3980'>\n\t\t\t\tDie Gewinner des Prix Sana 2018 Yvonne Mettauer aus Niederbipp BE, Heinz Keller aus Strengelbach AG und  Christiana Colliard aus Niederwangen BE, L-R, bei der Verleihung am Samstag, 3. November 2018 in Nottwil, Schweiz fotografiert von Thomas Hodel.\n\t\t\t\t<\/figcaption><\/figure><figure class='gallery-item'>\n\t\t\t<div class='gallery-icon landscape'>\n\t\t\t\t<a href='https:\/\/www.fondation-sana.ch\/wp-content\/uploads\/2018\/11\/verleihung_prix_sana_2018_02.jpg'><img decoding=\"async\" width=\"150\" height=\"150\" src=\"https:\/\/www.fondation-sana.ch\/wp-content\/uploads\/2018\/11\/verleihung_prix_sana_2018_02-150x150.jpg\" class=\"attachment-thumbnail size-thumbnail\" alt=\"\" aria-describedby=\"gallery-1-3982\" srcset=\"https:\/\/www.fondation-sana.ch\/wp-content\/uploads\/2018\/11\/verleihung_prix_sana_2018_02-150x150.jpg 150w, https:\/\/www.fondation-sana.ch\/wp-content\/uploads\/2018\/11\/verleihung_prix_sana_2018_02-55x55.jpg 55w\" sizes=\"(max-width: 150px) 100vw, 150px\" \/><\/a>\n\t\t\t<\/div>\n\t\t\t\t<figcaption class='wp-caption-text gallery-caption' id='gallery-1-3982'>\n\t\t\t\tModerator Nik Hartmann und die Gewinner des Prix Sana 2018 Yvonne Mettauer aus Niederbipp BE, Heinz Keller aus Strengelbach AG und  Christiana Colliard aus Niederwangen BE, L-R, bei der Verleihung am Samstag, 3. November 2018 in Nottwil, Schweiz fotografiert von Thomas Hodel.\n\t\t\t\t<\/figcaption><\/figure><figure class='gallery-item'>\n\t\t\t<div class='gallery-icon landscape'>\n\t\t\t\t<a href='https:\/\/www.fondation-sana.ch\/wp-content\/uploads\/2018\/11\/verleihung_prix_sana_2018_03.jpg'><img decoding=\"async\" width=\"150\" height=\"150\" src=\"https:\/\/www.fondation-sana.ch\/wp-content\/uploads\/2018\/11\/verleihung_prix_sana_2018_03-150x150.jpg\" class=\"attachment-thumbnail size-thumbnail\" alt=\"\" aria-describedby=\"gallery-1-3984\" srcset=\"https:\/\/www.fondation-sana.ch\/wp-content\/uploads\/2018\/11\/verleihung_prix_sana_2018_03-150x150.jpg 150w, https:\/\/www.fondation-sana.ch\/wp-content\/uploads\/2018\/11\/verleihung_prix_sana_2018_03-55x55.jpg 55w\" sizes=\"(max-width: 150px) 100vw, 150px\" \/><\/a>\n\t\t\t<\/div>\n\t\t\t\t<figcaption class='wp-caption-text gallery-caption' id='gallery-1-3984'>\n\t\t\t\tDie Gewinner des Prix Sana 2018 Yvonne Mettauer aus Niederbipp BE und  Christiana Colliard aus Niederwangen BE, L-R, bei der Verleihung am Samstag, 3. November 2018 in Nottwil, Schweiz fotografiert von Thomas Hodel.\n\t\t\t\t<\/figcaption><\/figure><figure class='gallery-item'>\n\t\t\t<div class='gallery-icon landscape'>\n\t\t\t\t<a href='https:\/\/www.fondation-sana.ch\/wp-content\/uploads\/2018\/11\/verleihung_prix_sana_2018_04.jpg'><img loading=\"lazy\" decoding=\"async\" width=\"150\" height=\"150\" src=\"https:\/\/www.fondation-sana.ch\/wp-content\/uploads\/2018\/11\/verleihung_prix_sana_2018_04-150x150.jpg\" class=\"attachment-thumbnail size-thumbnail\" alt=\"\" aria-describedby=\"gallery-1-3986\" srcset=\"https:\/\/www.fondation-sana.ch\/wp-content\/uploads\/2018\/11\/verleihung_prix_sana_2018_04-150x150.jpg 150w, https:\/\/www.fondation-sana.ch\/wp-content\/uploads\/2018\/11\/verleihung_prix_sana_2018_04-55x55.jpg 55w\" sizes=\"(max-width: 150px) 100vw, 150px\" \/><\/a>\n\t\t\t<\/div>\n\t\t\t\t<figcaption class='wp-caption-text gallery-caption' id='gallery-1-3986'>\n\t\t\t\tDie Gewinner des Prix Sana 2018 Heinz Keller, 3. von rechts vorne, mit seinem Team FC Traktor azb Strengelbach aus AG bei der Verleihung am Samstag, 3. November 2018 in Nottwil, Schweiz fotografiert von Thomas Hodel.\n\t\t\t\t<\/figcaption><\/figure><figure class='gallery-item'>\n\t\t\t<div class='gallery-icon landscape'>\n\t\t\t\t<a href='https:\/\/www.fondation-sana.ch\/wp-content\/uploads\/2018\/11\/verleihung_prix_sana_2018_05.jpg'><img loading=\"lazy\" decoding=\"async\" width=\"150\" height=\"150\" src=\"https:\/\/www.fondation-sana.ch\/wp-content\/uploads\/2018\/11\/verleihung_prix_sana_2018_05-150x150.jpg\" class=\"attachment-thumbnail size-thumbnail\" alt=\"\" aria-describedby=\"gallery-1-3988\" srcset=\"https:\/\/www.fondation-sana.ch\/wp-content\/uploads\/2018\/11\/verleihung_prix_sana_2018_05-150x150.jpg 150w, https:\/\/www.fondation-sana.ch\/wp-content\/uploads\/2018\/11\/verleihung_prix_sana_2018_05-55x55.jpg 55w\" sizes=\"(max-width: 150px) 100vw, 150px\" \/><\/a>\n\t\t\t<\/div>\n\t\t\t\t<figcaption class='wp-caption-text gallery-caption' id='gallery-1-3988'>\n\t\t\t\tDie Gewinnerin des Prix Sana 2018 Christiana Colliard aus Niederwangen BE, rechts hinten, mit Kindern der Wohngruppe \u00ab\u00a0Wolf\u00a0\u00bb bei der Verleihung am Samstag, 3. November 2018 in Nottwil, Schweiz fotografiert von Thomas Hodel.\n\t\t\t\t<\/figcaption><\/figure><figure class='gallery-item'>\n\t\t\t<div class='gallery-icon landscape'>\n\t\t\t\t<a href='https:\/\/www.fondation-sana.ch\/wp-content\/uploads\/2018\/11\/verleihung_prix_sana_2018_06.jpg'><img loading=\"lazy\" decoding=\"async\" width=\"150\" height=\"150\" src=\"https:\/\/www.fondation-sana.ch\/wp-content\/uploads\/2018\/11\/verleihung_prix_sana_2018_06-150x150.jpg\" class=\"attachment-thumbnail size-thumbnail\" alt=\"\" aria-describedby=\"gallery-1-3990\" srcset=\"https:\/\/www.fondation-sana.ch\/wp-content\/uploads\/2018\/11\/verleihung_prix_sana_2018_06-150x150.jpg 150w, https:\/\/www.fondation-sana.ch\/wp-content\/uploads\/2018\/11\/verleihung_prix_sana_2018_06-55x55.jpg 55w\" sizes=\"(max-width: 150px) 100vw, 150px\" \/><\/a>\n\t\t\t<\/div>\n\t\t\t\t<figcaption class='wp-caption-text gallery-caption' id='gallery-1-3990'>\n\t\t\t\tDie Gewinnerin des Prix Sana 2018 Yvonne Mettauer, 3. von links, aus Niederbipp BE, mit dem Team des Vereins Swiss Help Dogs bei der Verleihung am Samstag, 3. November 2018 in Nottwil, Schweiz fotografiert von Thomas Hodel.\n\t\t\t\t<\/figcaption><\/figure><figure class='gallery-item'>\n\t\t\t<div class='gallery-icon landscape'>\n\t\t\t\t<a href='https:\/\/www.fondation-sana.ch\/wp-content\/uploads\/2018\/11\/verleihung_prix_sana_2018_07.jpg'><img loading=\"lazy\" decoding=\"async\" width=\"150\" height=\"150\" src=\"https:\/\/www.fondation-sana.ch\/wp-content\/uploads\/2018\/11\/verleihung_prix_sana_2018_07-150x150.jpg\" class=\"attachment-thumbnail size-thumbnail\" alt=\"\" aria-describedby=\"gallery-1-3992\" srcset=\"https:\/\/www.fondation-sana.ch\/wp-content\/uploads\/2018\/11\/verleihung_prix_sana_2018_07-150x150.jpg 150w, https:\/\/www.fondation-sana.ch\/wp-content\/uploads\/2018\/11\/verleihung_prix_sana_2018_07-55x55.jpg 55w\" sizes=\"(max-width: 150px) 100vw, 150px\" \/><\/a>\n\t\t\t<\/div>\n\t\t\t\t<figcaption class='wp-caption-text gallery-caption' id='gallery-1-3992'>\n\t\t\t\tVerleihung Prix Sana 2018 am Samstag, 3. November 2018 in Nottwil, Schweiz fotografiert von Thomas Hodel.\n\t\t\t\t<\/figcaption><\/figure><figure class='gallery-item'>\n\t\t\t<div class='gallery-icon landscape'>\n\t\t\t\t<a href='https:\/\/www.fondation-sana.ch\/wp-content\/uploads\/2018\/11\/verleihung_prix_sana_2018_08.jpg'><img loading=\"lazy\" decoding=\"async\" width=\"150\" height=\"150\" src=\"https:\/\/www.fondation-sana.ch\/wp-content\/uploads\/2018\/11\/verleihung_prix_sana_2018_08-150x150.jpg\" class=\"attachment-thumbnail size-thumbnail\" alt=\"\" aria-describedby=\"gallery-1-3994\" srcset=\"https:\/\/www.fondation-sana.ch\/wp-content\/uploads\/2018\/11\/verleihung_prix_sana_2018_08-150x150.jpg 150w, https:\/\/www.fondation-sana.ch\/wp-content\/uploads\/2018\/11\/verleihung_prix_sana_2018_08-55x55.jpg 55w\" sizes=\"(max-width: 150px) 100vw, 150px\" \/><\/a>\n\t\t\t<\/div>\n\t\t\t\t<figcaption class='wp-caption-text gallery-caption' id='gallery-1-3994'>\n\t\t\t\tVerleihung Prix Sana 2018 am Samstag, 3. November 2018 in Nottwil, Schweiz fotografiert von Thomas Hodel.\n\t\t\t\t<\/figcaption><\/figure><figure class='gallery-item'>\n\t\t\t<div class='gallery-icon landscape'>\n\t\t\t\t<a href='https:\/\/www.fondation-sana.ch\/wp-content\/uploads\/2018\/11\/verleihung_prix_sana_2018_09.jpg'><img loading=\"lazy\" decoding=\"async\" width=\"150\" height=\"150\" src=\"https:\/\/www.fondation-sana.ch\/wp-content\/uploads\/2018\/11\/verleihung_prix_sana_2018_09-150x150.jpg\" class=\"attachment-thumbnail size-thumbnail\" alt=\"\" aria-describedby=\"gallery-1-3996\" srcset=\"https:\/\/www.fondation-sana.ch\/wp-content\/uploads\/2018\/11\/verleihung_prix_sana_2018_09-150x150.jpg 150w, https:\/\/www.fondation-sana.ch\/wp-content\/uploads\/2018\/11\/verleihung_prix_sana_2018_09-55x55.jpg 55w\" sizes=\"(max-width: 150px) 100vw, 150px\" \/><\/a>\n\t\t\t<\/div>\n\t\t\t\t<figcaption class='wp-caption-text gallery-caption' id='gallery-1-3996'>\n\t\t\t\tVerleihung Prix Sana 2018 am Samstag, 3. November 2018 in Nottwil, Schweiz fotografiert von Thomas Hodel.\n\t\t\t\t<\/figcaption><\/figure><figure class='gallery-item'>\n\t\t\t<div class='gallery-icon landscape'>\n\t\t\t\t<a href='https:\/\/www.fondation-sana.ch\/wp-content\/uploads\/2018\/11\/verleihung_prix_sana_2018_10.jpg'><img loading=\"lazy\" decoding=\"async\" width=\"150\" height=\"150\" src=\"https:\/\/www.fondation-sana.ch\/wp-content\/uploads\/2018\/11\/verleihung_prix_sana_2018_10-150x150.jpg\" class=\"attachment-thumbnail size-thumbnail\" alt=\"\" aria-describedby=\"gallery-1-3998\" srcset=\"https:\/\/www.fondation-sana.ch\/wp-content\/uploads\/2018\/11\/verleihung_prix_sana_2018_10-150x150.jpg 150w, https:\/\/www.fondation-sana.ch\/wp-content\/uploads\/2018\/11\/verleihung_prix_sana_2018_10-55x55.jpg 55w\" sizes=\"(max-width: 150px) 100vw, 150px\" \/><\/a>\n\t\t\t<\/div>\n\t\t\t\t<figcaption class='wp-caption-text gallery-caption' id='gallery-1-3998'>\n\t\t\t\tVerleihung Prix Sana 2018 am Samstag, 3. November 2018 in Nottwil, Schweiz fotografiert von Thomas Hodel.\n\t\t\t\t<\/figcaption><\/figure><figure class='gallery-item'>\n\t\t\t<div class='gallery-icon landscape'>\n\t\t\t\t<a href='https:\/\/www.fondation-sana.ch\/wp-content\/uploads\/2018\/11\/verleihung_prix_sana_2018_11.jpg'><img loading=\"lazy\" decoding=\"async\" width=\"150\" height=\"150\" src=\"https:\/\/www.fondation-sana.ch\/wp-content\/uploads\/2018\/11\/verleihung_prix_sana_2018_11-150x150.jpg\" class=\"attachment-thumbnail size-thumbnail\" alt=\"\" aria-describedby=\"gallery-1-4000\" srcset=\"https:\/\/www.fondation-sana.ch\/wp-content\/uploads\/2018\/11\/verleihung_prix_sana_2018_11-150x150.jpg 150w, https:\/\/www.fondation-sana.ch\/wp-content\/uploads\/2018\/11\/verleihung_prix_sana_2018_11-55x55.jpg 55w\" sizes=\"(max-width: 150px) 100vw, 150px\" \/><\/a>\n\t\t\t<\/div>\n\t\t\t\t<figcaption class='wp-caption-text gallery-caption' id='gallery-1-4000'>\n\t\t\t\tVerleihung Prix Sana 2018 am Samstag, 3. November 2018 in Nottwil, Schweiz fotografiert von Thomas Hodel.\n\t\t\t\t<\/figcaption><\/figure><figure class='gallery-item'>\n\t\t\t<div class='gallery-icon landscape'>\n\t\t\t\t<a href='https:\/\/www.fondation-sana.ch\/wp-content\/uploads\/2018\/11\/verleihung_prix_sana_2018_12.jpg'><img loading=\"lazy\" decoding=\"async\" width=\"150\" height=\"150\" src=\"https:\/\/www.fondation-sana.ch\/wp-content\/uploads\/2018\/11\/verleihung_prix_sana_2018_12-150x150.jpg\" class=\"attachment-thumbnail size-thumbnail\" alt=\"\" aria-describedby=\"gallery-1-4002\" srcset=\"https:\/\/www.fondation-sana.ch\/wp-content\/uploads\/2018\/11\/verleihung_prix_sana_2018_12-150x150.jpg 150w, https:\/\/www.fondation-sana.ch\/wp-content\/uploads\/2018\/11\/verleihung_prix_sana_2018_12-55x55.jpg 55w\" sizes=\"(max-width: 150px) 100vw, 150px\" \/><\/a>\n\t\t\t<\/div>\n\t\t\t\t<figcaption class='wp-caption-text gallery-caption' id='gallery-1-4002'>\n\t\t\t\tVerleihung Prix Sana 2018 am Samstag, 3. November 2018 in Nottwil, Schweiz fotografiert von Thomas Hodel.\n\t\t\t\t<\/figcaption><\/figure><figure class='gallery-item'>\n\t\t\t<div class='gallery-icon landscape'>\n\t\t\t\t<a href='https:\/\/www.fondation-sana.ch\/wp-content\/uploads\/2018\/11\/verleihung_prix_sana_2018_14.jpg'><img loading=\"lazy\" decoding=\"async\" width=\"150\" height=\"150\" src=\"https:\/\/www.fondation-sana.ch\/wp-content\/uploads\/2018\/11\/verleihung_prix_sana_2018_14-150x150.jpg\" class=\"attachment-thumbnail size-thumbnail\" alt=\"\" aria-describedby=\"gallery-1-4004\" srcset=\"https:\/\/www.fondation-sana.ch\/wp-content\/uploads\/2018\/11\/verleihung_prix_sana_2018_14-150x150.jpg 150w, https:\/\/www.fondation-sana.ch\/wp-content\/uploads\/2018\/11\/verleihung_prix_sana_2018_14-55x55.jpg 55w\" sizes=\"(max-width: 150px) 100vw, 150px\" \/><\/a>\n\t\t\t<\/div>\n\t\t\t\t<figcaption class='wp-caption-text gallery-caption' id='gallery-1-4004'>\n\t\t\t\tVerleihung Prix Sana 2018 am Samstag, 3. November 2018 in Nottwil, Schweiz fotografiert von Thomas Hodel.\n\t\t\t\t<\/figcaption><\/figure><figure class='gallery-item'>\n\t\t\t<div class='gallery-icon landscape'>\n\t\t\t\t<a href='https:\/\/www.fondation-sana.ch\/wp-content\/uploads\/2018\/11\/verleihung_prix_sana_2018_15.jpg'><img loading=\"lazy\" decoding=\"async\" width=\"150\" height=\"150\" src=\"https:\/\/www.fondation-sana.ch\/wp-content\/uploads\/2018\/11\/verleihung_prix_sana_2018_15-150x150.jpg\" class=\"attachment-thumbnail size-thumbnail\" alt=\"\" aria-describedby=\"gallery-1-4006\" srcset=\"https:\/\/www.fondation-sana.ch\/wp-content\/uploads\/2018\/11\/verleihung_prix_sana_2018_15-150x150.jpg 150w, https:\/\/www.fondation-sana.ch\/wp-content\/uploads\/2018\/11\/verleihung_prix_sana_2018_15-55x55.jpg 55w\" sizes=\"(max-width: 150px) 100vw, 150px\" \/><\/a>\n\t\t\t<\/div>\n\t\t\t\t<figcaption class='wp-caption-text gallery-caption' id='gallery-1-4006'>\n\t\t\t\tVerleihung Prix Sana 2018 am Samstag, 3. November 2018 in Nottwil, Schweiz fotografiert von Thomas Hodel.\n\t\t\t\t<\/figcaption><\/figure><figure class='gallery-item'>\n\t\t\t<div class='gallery-icon landscape'>\n\t\t\t\t<a href='https:\/\/www.fondation-sana.ch\/wp-content\/uploads\/2018\/11\/verleihung_prix_sana_2018_16.jpg'><img loading=\"lazy\" decoding=\"async\" width=\"150\" height=\"150\" src=\"https:\/\/www.fondation-sana.ch\/wp-content\/uploads\/2018\/11\/verleihung_prix_sana_2018_16-150x150.jpg\" class=\"attachment-thumbnail size-thumbnail\" alt=\"\" aria-describedby=\"gallery-1-4008\" srcset=\"https:\/\/www.fondation-sana.ch\/wp-content\/uploads\/2018\/11\/verleihung_prix_sana_2018_16-150x150.jpg 150w, https:\/\/www.fondation-sana.ch\/wp-content\/uploads\/2018\/11\/verleihung_prix_sana_2018_16-55x55.jpg 55w\" sizes=\"(max-width: 150px) 100vw, 150px\" \/><\/a>\n\t\t\t<\/div>\n\t\t\t\t<figcaption class='wp-caption-text gallery-caption' id='gallery-1-4008'>\n\t\t\t\tVerleihung Prix Sana 2018 am Samstag, 3. November 2018 in Nottwil, Schweiz fotografiert von Thomas Hodel.\n\t\t\t\t<\/figcaption><\/figure><figure class='gallery-item'>\n\t\t\t<div class='gallery-icon landscape'>\n\t\t\t\t<a href='https:\/\/www.fondation-sana.ch\/wp-content\/uploads\/2018\/11\/verleihung_prix_sana_2018_17.jpg'><img loading=\"lazy\" decoding=\"async\" width=\"150\" height=\"150\" src=\"https:\/\/www.fondation-sana.ch\/wp-content\/uploads\/2018\/11\/verleihung_prix_sana_2018_17-150x150.jpg\" class=\"attachment-thumbnail size-thumbnail\" alt=\"\" aria-describedby=\"gallery-1-3427\" srcset=\"https:\/\/www.fondation-sana.ch\/wp-content\/uploads\/2018\/11\/verleihung_prix_sana_2018_17-150x150.jpg 150w, https:\/\/www.fondation-sana.ch\/wp-content\/uploads\/2018\/11\/verleihung_prix_sana_2018_17-55x55.jpg 55w\" sizes=\"(max-width: 150px) 100vw, 150px\" \/><\/a>\n\t\t\t<\/div>\n\t\t\t\t<figcaption class='wp-caption-text gallery-caption' id='gallery-1-3427'>\n\t\t\t\tVerleihung Prix Sana 2018 am Samstag, 3. November 2018 in Nottwil, Schweiz fotografiert von Thomas Hodel.\n\t\t\t\t<\/figcaption><\/figure>\n\t\t<\/div>\n\n<p>[\/one_third_last]<\/p>\n","protected":false},"excerpt":{"rendered":"<p>[two_third valign=\u00a0\u00bbtop\u00a0\u00bb animation=\u00a0\u00bbnone\u00a0\u00bb] Deux Bernoises et un Argovien remportent le prix de la sant\u00e9 Sana 2018 Le prix de la sant\u00e9 Sana 2018 a \u00e9t\u00e9 d\u00e9cern\u00e9 \u00e0 trois personnes qui se sont investies sans rel\u00e2che et de mani\u00e8re d\u00e9sint\u00e9ress\u00e9e des ann\u00e9es durant pour le bien-\u00eatre d\u2019autres personnes en Suisse: Heinz Keller, de Strengelbach (AG), Christiana [&hellip;]<\/p>\n","protected":false},"author":1,"featured_media":0,"parent":2149,"menu_order":0,"comment_status":"closed","ping_status":"closed","template":"","meta":{"_acf_changed":false,"_monsterinsights_skip_tracking":false,"_monsterinsights_sitenote_active":false,"_monsterinsights_sitenote_note":"","_monsterinsights_sitenote_category":0,"footnotes":""},"class_list":["post-2644","page","type-page","status-publish","hentry"],"acf":[],"_links":{"self":[{"href":"https:\/\/www.fondation-sana.ch\/fr\/wp-json\/wp\/v2\/pages\/2644","targetHints":{"allow":["GET"]}}],"collection":[{"href":"https:\/\/www.fondation-sana.ch\/fr\/wp-json\/wp\/v2\/pages"}],"about":[{"href":"https:\/\/www.fondation-sana.ch\/fr\/wp-json\/wp\/v2\/types\/page"}],"author":[{"embeddable":true,"href":"https:\/\/www.fondation-sana.ch\/fr\/wp-json\/wp\/v2\/users\/1"}],"replies":[{"embeddable":true,"href":"https:\/\/www.fondation-sana.ch\/fr\/wp-json\/wp\/v2\/comments?post=2644"}],"version-history":[{"count":9,"href":"https:\/\/www.fondation-sana.ch\/fr\/wp-json\/wp\/v2\/pages\/2644\/revisions"}],"predecessor-version":[{"id":2728,"href":"https:\/\/www.fondation-sana.ch\/fr\/wp-json\/wp\/v2\/pages\/2644\/revisions\/2728"}],"up":[{"embeddable":true,"href":"https:\/\/www.fondation-sana.ch\/fr\/wp-json\/wp\/v2\/pages\/2149"}],"wp:attachment":[{"href":"https:\/\/www.fondation-sana.ch\/fr\/wp-json\/wp\/v2\/media?parent=2644"}],"curies":[{"name":"wp","href":"https:\/\/api.w.org\/{rel}","templated":true}]}}