{"id":269,"date":"2014-10-23T10:48:18","date_gmt":"2014-10-23T08:48:18","guid":{"rendered":"http:\/\/194.126.200.58\/~fondati1\/downloads-2\/"},"modified":"2021-03-16T10:22:30","modified_gmt":"2021-03-16T09:22:30","slug":"downloads","status":"publish","type":"page","link":"https:\/\/www.fondation-sana.ch\/fr\/downloads\/","title":{"rendered":"Downloads"},"content":{"rendered":"<p><a class=\"myCustomButton\" title=\"Rapports annuels\" href=\"https:\/\/www.fondation-sana.ch\/fr\/document\/rapports-annuels\/\"> Rapports annuels<\/a><br \/>\n<a class=\"myCustomButton\" title=\"Documents de base\" href=\"https:\/\/www.fondation-sana.ch\/fr\/document\/documents-de-base\/\"> Documents de base<\/a><br \/>\n<a class=\"myCustomButton\" title=\"Fonds d\u2019aide pour assur\u00e9s dans le besoin\" href=\"https:\/\/www.fondation-sana.ch\/fr\/document\/fonds-daide-pour-assures-dans-le-besoin\/\"> Fonds d\u2019aide pour assur\u00e9s dans le besoin<\/a><br \/>\n<a class=\"myCustomButton\" title=\"Fonds pour la promotion de la sant\u00e9\" href=\"https:\/\/www.fondation-sana.ch\/fr\/document\/fonds-pour-la-promotion-de-la-sante\/\"> Fonds pour la promotion de la sant\u00e9<\/a><br \/>\n<a class=\"myCustomButton\" title=\"Communiqu\u00e9s de presse Prix Sana\" href=\"https:\/\/www.fondation-sana.ch\/fr\/document\/communiques-de-presse\/\"> Communiqu\u00e9s de presse Prix Sana<\/a><br \/>\n<a class=\"myCustomButton\" title=\"Logos\" href=\"https:\/\/www.fondation-sana.ch\/fr\/document\/logos\/\">Logos<\/a><\/p>\n","protected":false},"excerpt":{"rendered":"<p>Rapports annuels Documents de base Fonds d\u2019aide pour assur\u00e9s dans le besoin Fonds pour la promotion de la sant\u00e9 Communiqu\u00e9s de presse Prix Sana Logos<\/p>\n","protected":false},"author":1,"featured_media":0,"parent":0,"menu_order":0,"comment_status":"closed","ping_status":"closed","template":"","meta":{"_acf_changed":false,"_monsterinsights_skip_tracking":false,"_monsterinsights_sitenote_active":false,"_monsterinsights_sitenote_note":"","_monsterinsights_sitenote_category":0,"footnotes":""},"class_list":["post-269","page","type-page","status-publish","hentry"],"acf":[],"_links":{"self":[{"href":"https:\/\/www.fondation-sana.ch\/fr\/wp-json\/wp\/v2\/pages\/269","targetHints":{"allow":["GET"]}}],"collection":[{"href":"https:\/\/www.fondation-sana.ch\/fr\/wp-json\/wp\/v2\/pages"}],"about":[{"href":"https:\/\/www.fondation-sana.ch\/fr\/wp-json\/wp\/v2\/types\/page"}],"author":[{"embeddable":true,"href":"https:\/\/www.fondation-sana.ch\/fr\/wp-json\/wp\/v2\/users\/1"}],"replies":[{"embeddable":true,"href":"https:\/\/www.fondation-sana.ch\/fr\/wp-json\/wp\/v2\/comments?post=269"}],"version-history":[{"count":51,"href":"https:\/\/www.fondation-sana.ch\/fr\/wp-json\/wp\/v2\/pages\/269\/revisions"}],"predecessor-version":[{"id":5685,"href":"https:\/\/www.fondation-sana.ch\/fr\/wp-json\/wp\/v2\/pages\/269\/revisions\/5685"}],"wp:attachment":[{"href":"https:\/\/www.fondation-sana.ch\/fr\/wp-json\/wp\/v2\/media?parent=269"}],"curies":[{"name":"wp","href":"https:\/\/api.w.org\/{rel}","templated":true}]}}