{"id":587,"date":"2014-10-23T14:45:55","date_gmt":"2014-10-23T12:45:55","guid":{"rendered":"http:\/\/194.126.200.58\/~fondati1\/?page_id=587"},"modified":"2020-09-23T09:26:37","modified_gmt":"2020-09-23T07:26:37","slug":"commissions-2","status":"publish","type":"page","link":"https:\/\/www.fondation-sana.ch\/fr\/fondation\/commissions-2\/","title":{"rendered":"Commissions"},"content":{"rendered":"<h2>Commission Fonds d&rsquo;aide pour les assur\u00e9s dans le besoin<\/h2>\n<p>La commission du Fonds d&rsquo;aide pour les assur\u00e9s dans le besoin prend les d\u00e9cisions portant sur l&rsquo;ensemble des domaines de comp\u00e9tence du Fonds. Elle est habilit\u00e9e, par requ\u00eate et par ann\u00e9e, \u00e0 accorder des contributions de soutien d&rsquo;un montant maximum de CHF 25&rsquo;000.\u2013. A la demande de la commission du Fonds, le Comit\u00e9 du Conseil de Fondation d\u00e9cide d&rsquo;accorder des montants sup\u00e9rieurs.<\/p>\n\n<table id=\"tablepress-5\" class=\"tablepress tablepress-id-5 colWidth\">\n<tbody>\n<tr class=\"row-1\">\n\t<td class=\"column-1\">Alexandra Naef<\/td><td class=\"column-2\">Pr\u00e4sidentin<\/td>\n<\/tr>\n<tr class=\"row-2\">\n\t<td class=\"column-1\">Lucie Schmied<\/td><td class=\"column-2\">Mitglied<\/td>\n<\/tr>\n<tr class=\"row-3\">\n\t<td class=\"column-1\">Federica Grandini<\/td><td class=\"column-2\">Mitglied<\/td>\n<\/tr>\n<\/tbody>\n<\/table>\n<!-- #tablepress-5 from cache -->\n<h2>Commission Fonds pour la promotion de la sant\u00e9, de la recherche et de la pr\u00e9vention<\/h2>\n<p>La commission du Fonds pour la promotion de la sant\u00e9, de la recherche et de la pr\u00e9vention prend les d\u00e9cisions portant sur l&rsquo;ensemble des domaines de comp\u00e9tence du Fonds. La Commission dispose d&rsquo;un budget annuel de 250&rsquo;000 francs suisses pour soutenir diff\u00e9rents projets.<\/p>\n\n<table id=\"tablepress-15\" class=\"tablepress tablepress-id-15 colWidth\">\n<tbody>\n<tr class=\"row-1\">\n\t<td class=\"column-1\">Andreas Thut<\/td><td class=\"column-2\">Pr\u00e4sident<\/td>\n<\/tr>\n<tr class=\"row-2\">\n\t<td class=\"column-1\">Martin Amstutz<\/td><td class=\"column-2\">Mitglied<\/td>\n<\/tr>\n<tr class=\"row-3\">\n\t<td class=\"column-1\">Stephan Kronbichler<\/td><td class=\"column-2\">Mitglied<\/td>\n<\/tr>\n<tr class=\"row-4\">\n\t<td class=\"column-1\">Jean-Rapha\u00ebl Kurmann<\/td><td class=\"column-2\">Mitglied<\/td>\n<\/tr>\n<tr class=\"row-5\">\n\t<td class=\"column-1\">Irene Minder Ruch<\/td><td class=\"column-2\">Mitglied<\/td>\n<\/tr>\n<\/tbody>\n<\/table>\n<!-- #tablepress-15 from cache -->\n<h2>Commission de placements<\/h2>\n<p>La Commission de placements intervient \u00e0 la demande du Comit\u00e9 du Conseil de Fondation. Sa mission est de surveiller les placements de la Fondation r\u00e9alis\u00e9s sur la base de l&rsquo;allocation strat\u00e9gique des actifs. En outre, elle donne \u00e0 l&rsquo;expert externe en placements les instructions correspondantes. Dans le cas o\u00f9 la comp\u00e9tence pour la d\u00e9cision de placement n&rsquo;est pas d\u00e9l\u00e9gu\u00e9e \u00e0 l&rsquo;administrateur externe du patrimoine, elle est pr\u00e9vue dans les dispositions du r\u00e8glement de placement.<\/p>\n\n<table id=\"tablepress-16\" class=\"tablepress tablepress-id-16 colWidth\">\n<tbody>\n<tr class=\"row-1\">\n\t<td class=\"column-1\">G\u00e9rard Pafumi<br \/>\n<\/td><td class=\"column-2\">Pr\u00e4sident<\/td>\n<\/tr>\n<tr class=\"row-2\">\n\t<td class=\"column-1\">Marc-Andr\u00e9 Giger<\/td><td class=\"column-2\">Mitglied<\/td>\n<\/tr>\n<tr class=\"row-3\">\n\t<td class=\"column-1\">Oliver Sack<\/td><td class=\"column-2\">Mitglied<\/td>\n<\/tr>\n<\/tbody>\n<\/table>\n<!-- #tablepress-16 from cache -->\n<h2>Commission Prix Sana<\/h2>\n<p>La Commission Prix Sana est nomm\u00e9e par le Comit\u00e9 du Conseil de Fondation. Elle est responsable de la mise au concours, du premier tri et du classement des nominations ainsi que de l\u2019organisation de la remise du Prix. Un jury ind\u00e9pendant sous la direction du Professeur Dr. Ren\u00e9 Pr\u00eatre effectue ensuite son choix parmi les personnes nomin\u00e9es.<\/p>\n\n<table id=\"tablepress-21\" class=\"tablepress tablepress-id-21 colWidth\">\n<tbody>\n<tr class=\"row-1\">\n\t<td class=\"column-1\">Nicole Fivaz<\/td><td class=\"column-2\">Pr\u00e4sidentin<\/td>\n<\/tr>\n<tr class=\"row-2\">\n\t<td class=\"column-1\">Lorenz Hirt<\/td><td class=\"column-2\">Mitglied<\/td>\n<\/tr>\n<tr class=\"row-3\">\n\t<td class=\"column-1\">Daniel Schlegel<\/td><td class=\"column-2\">Mitglied<\/td>\n<\/tr>\n<tr class=\"row-4\">\n\t<td class=\"column-1\">Alexandre Schmidt<\/td><td class=\"column-2\">Mitglied<\/td>\n<\/tr>\n<tr class=\"row-5\">\n\t<td class=\"column-1\">Marita Verbali<\/td><td class=\"column-2\">Mitglied<\/td>\n<\/tr>\n<\/tbody>\n<\/table>\n<!-- #tablepress-21 from cache -->\n","protected":false},"excerpt":{"rendered":"<p>Commission Fonds d&rsquo;aide pour les assur\u00e9s dans le besoin La commission du Fonds d&rsquo;aide pour les assur\u00e9s dans le besoin prend les d\u00e9cisions portant sur l&rsquo;ensemble des domaines de comp\u00e9tence du Fonds. Elle est habilit\u00e9e, par requ\u00eate et par ann\u00e9e, \u00e0 accorder des contributions de soutien d&rsquo;un montant maximum de CHF 25&rsquo;000.\u2013. A la demande [&hellip;]<\/p>\n","protected":false},"author":1,"featured_media":0,"parent":892,"menu_order":0,"comment_status":"closed","ping_status":"closed","template":"","meta":{"_acf_changed":false,"_monsterinsights_skip_tracking":false,"_monsterinsights_sitenote_active":false,"_monsterinsights_sitenote_note":"","_monsterinsights_sitenote_category":0,"footnotes":""},"class_list":["post-587","page","type-page","status-publish","hentry"],"acf":[],"_links":{"self":[{"href":"https:\/\/www.fondation-sana.ch\/fr\/wp-json\/wp\/v2\/pages\/587","targetHints":{"allow":["GET"]}}],"collection":[{"href":"https:\/\/www.fondation-sana.ch\/fr\/wp-json\/wp\/v2\/pages"}],"about":[{"href":"https:\/\/www.fondation-sana.ch\/fr\/wp-json\/wp\/v2\/types\/page"}],"author":[{"embeddable":true,"href":"https:\/\/www.fondation-sana.ch\/fr\/wp-json\/wp\/v2\/users\/1"}],"replies":[{"embeddable":true,"href":"https:\/\/www.fondation-sana.ch\/fr\/wp-json\/wp\/v2\/comments?post=587"}],"version-history":[{"count":12,"href":"https:\/\/www.fondation-sana.ch\/fr\/wp-json\/wp\/v2\/pages\/587\/revisions"}],"predecessor-version":[{"id":4795,"href":"https:\/\/www.fondation-sana.ch\/fr\/wp-json\/wp\/v2\/pages\/587\/revisions\/4795"}],"up":[{"embeddable":true,"href":"https:\/\/www.fondation-sana.ch\/fr\/wp-json\/wp\/v2\/pages\/892"}],"wp:attachment":[{"href":"https:\/\/www.fondation-sana.ch\/fr\/wp-json\/wp\/v2\/media?parent=587"}],"curies":[{"name":"wp","href":"https:\/\/api.w.org\/{rel}","templated":true}]}}