{"id":858,"date":"2014-11-06T13:11:29","date_gmt":"2014-11-06T12:11:29","guid":{"rendered":"http:\/\/194.126.200.58\/~fondati1\/?page_id=858"},"modified":"2025-02-27T12:11:47","modified_gmt":"2025-02-27T11:11:47","slug":"deposer-une-requete","status":"publish","type":"page","link":"https:\/\/www.fondation-sana.ch\/fr\/fonds\/fonds-pour-la-promotion-de-la-sante\/deposer-une-requete\/","title":{"rendered":"D\u00e9poser une requ\u00eate"},"content":{"rendered":"<p>Les requ\u00eates au Fonds pour la promotion de la sant\u00e9, de la recherche et de la pr\u00e9vention doivent satisfaire aux conditions du r\u00e8glement du fonds et \u00eatre structur\u00e9es selon le canevas correspondant. Vous trouverez ce r\u00e8glement sous la rubrique \u00ab T\u00e9l\u00e9chargements et documents \u00bb.<\/p>\n<p>Veuillez soumettre votre requ\u00eate, accompagn\u00e9e des documents demand\u00e9s, via le formulaire en ligne.<\/p>\n<p>Nous vous prions de d\u00e9poser les demandes compl\u00e8tes, mais sous forme compacte (maximum 10 pages).<\/p>\n<p>Avez-vous des questions compl\u00e9mentaires sur la pr\u00e9sentation de la requ\u00eate ? Le Bureau de la Fondation Sana vous apporte volontiers son aide au num\u00e9ro de t\u00e9l\u00e9phone 031 368 15 83.<\/p>\n","protected":false},"excerpt":{"rendered":"<p>Les requ\u00eates au Fonds pour la promotion de la sant\u00e9, de la recherche et de la pr\u00e9vention doivent satisfaire aux conditions du r\u00e8glement du fonds et \u00eatre structur\u00e9es selon le canevas correspondant. Vous trouverez ce r\u00e8glement sous la rubrique \u00ab T\u00e9l\u00e9chargements et documents \u00bb. Veuillez soumettre votre requ\u00eate, accompagn\u00e9e des documents demand\u00e9s, via le formulaire [&hellip;]<\/p>\n","protected":false},"author":2,"featured_media":0,"parent":878,"menu_order":0,"comment_status":"closed","ping_status":"closed","template":"","meta":{"_acf_changed":false,"_monsterinsights_skip_tracking":false,"_monsterinsights_sitenote_active":false,"_monsterinsights_sitenote_note":"","_monsterinsights_sitenote_category":0,"footnotes":""},"class_list":["post-858","page","type-page","status-publish","hentry"],"acf":[],"_links":{"self":[{"href":"https:\/\/www.fondation-sana.ch\/fr\/wp-json\/wp\/v2\/pages\/858","targetHints":{"allow":["GET"]}}],"collection":[{"href":"https:\/\/www.fondation-sana.ch\/fr\/wp-json\/wp\/v2\/pages"}],"about":[{"href":"https:\/\/www.fondation-sana.ch\/fr\/wp-json\/wp\/v2\/types\/page"}],"author":[{"embeddable":true,"href":"https:\/\/www.fondation-sana.ch\/fr\/wp-json\/wp\/v2\/users\/2"}],"replies":[{"embeddable":true,"href":"https:\/\/www.fondation-sana.ch\/fr\/wp-json\/wp\/v2\/comments?post=858"}],"version-history":[{"count":38,"href":"https:\/\/www.fondation-sana.ch\/fr\/wp-json\/wp\/v2\/pages\/858\/revisions"}],"predecessor-version":[{"id":7474,"href":"https:\/\/www.fondation-sana.ch\/fr\/wp-json\/wp\/v2\/pages\/858\/revisions\/7474"}],"up":[{"embeddable":true,"href":"https:\/\/www.fondation-sana.ch\/fr\/wp-json\/wp\/v2\/pages\/878"}],"wp:attachment":[{"href":"https:\/\/www.fondation-sana.ch\/fr\/wp-json\/wp\/v2\/media?parent=858"}],"curies":[{"name":"wp","href":"https:\/\/api.w.org\/{rel}","templated":true}]}}