{"id":897,"date":"2014-11-07T07:51:32","date_gmt":"2014-11-07T07:51:32","guid":{"rendered":"http:\/\/194.126.200.58\/~fondati1\/?page_id=897"},"modified":"2020-09-23T09:18:29","modified_gmt":"2020-09-23T07:18:29","slug":"comite-du-conseil-de-fondation","status":"publish","type":"page","link":"https:\/\/www.fondation-sana.ch\/fr\/fondation\/comite-du-conseil-de-fondation\/","title":{"rendered":"Comit\u00e9 du Conseil de Fondation"},"content":{"rendered":"<p>Le Comit\u00e9 du Conseil de Fondation est le comit\u00e9 ex\u00e9cutif de la Fondation Sana. Il est compos\u00e9 du Pr\u00e9sident du Conseil de Fondation, ainsi que de quatre \u00e0 six autres membres du Conseil de Fondation. Il incombe au Comit\u00e9 du Conseil de Fondation d&rsquo;assumer la Direction g\u00e9n\u00e9rale de la Fondation Sana. Elle donne les instructions n\u00e9cessaires, \u00e9labor\u00e9es conform\u00e9ment au but de la Fondation ainsi qu\u2019aux objectifs d\u00e9finis par le Conseil de Fondation.<\/p>\n<h2>Le Comit\u00e9 du Conseil de Fondation est comp\u00e9tent pour :<\/h2>\n<ul>\n<li>la fixation des principes de tenue de la comptabilit\u00e9, de la planification financi\u00e8re et du contr\u00f4le financier<\/li>\n<li>la nomination et la r\u00e9vocation des personnes charg\u00e9es de la direction de la fondation ainsi que de leur contr\u00f4le<\/li>\n<li>l&rsquo;\u00e9tablissement du rapport de gestion<\/li>\n<li>la pr\u00e9paration et l&rsquo;organisation des assembl\u00e9es et des \u00e9lections du Conseil de Fondation ainsi que l&rsquo;ex\u00e9cution de ses\u00a0d\u00e9cisions<\/li>\n<li>la publication et la modification de r\u00e8glements dans son domaine de comp\u00e9tence<\/li>\n<li>la prise de d\u00e9cisions portant sur l&rsquo;ensemble des questions non confi\u00e9es au Conseil de Fondation<\/li>\n<\/ul>\n","protected":false},"excerpt":{"rendered":"<p>Le Comit\u00e9 du Conseil de Fondation est le comit\u00e9 ex\u00e9cutif de la Fondation Sana. Il est compos\u00e9 du Pr\u00e9sident du Conseil de Fondation, ainsi que de quatre \u00e0 six autres membres du Conseil de Fondation. Il incombe au Comit\u00e9 du Conseil de Fondation d&rsquo;assumer la Direction g\u00e9n\u00e9rale de la Fondation Sana. Elle donne les instructions [&hellip;]<\/p>\n","protected":false},"author":2,"featured_media":0,"parent":892,"menu_order":0,"comment_status":"closed","ping_status":"closed","template":"","meta":{"_acf_changed":false,"_monsterinsights_skip_tracking":false,"_monsterinsights_sitenote_active":false,"_monsterinsights_sitenote_note":"","_monsterinsights_sitenote_category":0,"footnotes":""},"class_list":["post-897","page","type-page","status-publish","hentry"],"acf":[],"_links":{"self":[{"href":"https:\/\/www.fondation-sana.ch\/fr\/wp-json\/wp\/v2\/pages\/897","targetHints":{"allow":["GET"]}}],"collection":[{"href":"https:\/\/www.fondation-sana.ch\/fr\/wp-json\/wp\/v2\/pages"}],"about":[{"href":"https:\/\/www.fondation-sana.ch\/fr\/wp-json\/wp\/v2\/types\/page"}],"author":[{"embeddable":true,"href":"https:\/\/www.fondation-sana.ch\/fr\/wp-json\/wp\/v2\/users\/2"}],"replies":[{"embeddable":true,"href":"https:\/\/www.fondation-sana.ch\/fr\/wp-json\/wp\/v2\/comments?post=897"}],"version-history":[{"count":7,"href":"https:\/\/www.fondation-sana.ch\/fr\/wp-json\/wp\/v2\/pages\/897\/revisions"}],"predecessor-version":[{"id":4782,"href":"https:\/\/www.fondation-sana.ch\/fr\/wp-json\/wp\/v2\/pages\/897\/revisions\/4782"}],"up":[{"embeddable":true,"href":"https:\/\/www.fondation-sana.ch\/fr\/wp-json\/wp\/v2\/pages\/892"}],"wp:attachment":[{"href":"https:\/\/www.fondation-sana.ch\/fr\/wp-json\/wp\/v2\/media?parent=897"}],"curies":[{"name":"wp","href":"https:\/\/api.w.org\/{rel}","templated":true}]}}