{"id":800,"date":"2014-11-07T02:27:21","date_gmt":"2014-11-07T02:27:21","guid":{"rendered":"http:\/\/194.126.200.58\/~fondati1\/?page_id=800"},"modified":"2020-09-30T20:07:10","modified_gmt":"2020-09-30T18:07:10","slug":"ritratto","status":"publish","type":"page","link":"https:\/\/www.fondation-sana.ch\/it\/fondazione\/ritratto\/","title":{"rendered":"Ritratto"},"content":{"rendered":"<h2>Lo scopo di Fondation Sana \u00e8 descritto come segue nell&#8217;articolo 2 dello statuto della Fondazione:<\/h2>\n<ol>\n<li>La Fondazione si impegna a favore di un settore sanitario pubblico ben strutturato.<\/li>\n<li>La Fondazione pu\u00f2 aiutare in maniera finalizzata gli assicurati di Helsana bisognosi o che necessitano per altri motivi di sostegno nell\u2019ambito sanitario. Pu\u00f2 inoltre erogare prestazioni promozionali in tutto il settore della sanit\u00e0 \u2013 incluso ricerca, insegnamento e prevenzione \u2013 e conferire premi sanitari.<\/li>\n<li>La Fondazione detiene e gestisce una partecipazione al capitale di Helsana allo scopo di garantire la stabilit\u00e0 e la continuit\u00e0 dell\u2019impresa. Pu\u00f2 assumere partecipazioni in altre imprese e detenere investimenti.<\/li>\n<li>La Fondazione ha carattere di pubblica utilit\u00e0 e non persegue scopi di lucro. Accumula riserve che in caso di prolungata mancanza del flusso di fondi derivanti dai ricavi le permettono di continuare ad adempiere allo scopo della Fondazione.<\/li>\n<\/ol>\n<p>Lo scopo di Fondation Sana \u00e8 quello di garantire la continuit\u00e0 e la stabilit\u00e0 di Helsana ed esercitare una funzione di controllo. La partecipazione a Helsana rappresenta la quota maggioritaria del capitale della Fondazione e genera la maggior parte delle entrate, destinate a finanziare, tra l&#8217;altro, le attivit\u00e0 dei fondi. Fondation Sana \u00e8 soggetta alla vigilanza federale sulle fondazioni, cui rende conto ogni anno della propria attivit\u00e0.<\/p>\n<h2>Organigramma<\/h2>\n<p style=\"text-align: left;\">Gli organi di Fondation Sana sono il Consiglio di fondazione, il Comitato direttivo del consiglio di fondazione e l&#8217;Ufficio di revisione. Tre commissioni permanenti amministrano i due fondi e il deposito di titoli. Gli organi e le commissioni si appoggiano alla Segreteria, formata dal Segretario del Consiglio di fondazione e da una collaboratrice.<\/p>\n<p><a href=\"http:\/\/www.fondation-sana.ch\/wp-content\/uploads\/2014\/10\/Organigramm_i.jpg\"><img fetchpriority=\"high\" decoding=\"async\" class=\"alignnone wp-image-3625 size-full\" src=\"http:\/\/www.fondation-sana.ch\/wp-content\/uploads\/2014\/10\/Organigramm_i.jpg\" alt=\"\" width=\"497\" height=\"256\" srcset=\"https:\/\/www.fondation-sana.ch\/wp-content\/uploads\/2014\/10\/Organigramm_i.jpg 497w, https:\/\/www.fondation-sana.ch\/wp-content\/uploads\/2014\/10\/Organigramm_i-300x154.jpg 300w, https:\/\/www.fondation-sana.ch\/wp-content\/uploads\/2014\/10\/Organigramm_i-320x164.jpg 320w, https:\/\/www.fondation-sana.ch\/wp-content\/uploads\/2014\/10\/Organigramm_i-239x123.jpg 239w\" sizes=\"(max-width: 497px) 100vw, 497px\" \/><\/a><\/p>\n<p class=\"clear_float\">\n<p>&nbsp;<\/p>\n","protected":false},"excerpt":{"rendered":"<p>Lo scopo di Fondation Sana \u00e8 descritto come segue nell&#8217;articolo 2 dello statuto della Fondazione: La Fondazione si impegna a favore di un settore sanitario pubblico ben strutturato. La Fondazione pu\u00f2 aiutare in maniera finalizzata gli assicurati di Helsana bisognosi o che necessitano per altri motivi di sostegno nell\u2019ambito sanitario. Pu\u00f2 inoltre erogare prestazioni promozionali [&hellip;]<\/p>\n","protected":false},"author":2,"featured_media":0,"parent":911,"menu_order":0,"comment_status":"closed","ping_status":"closed","template":"","meta":{"_acf_changed":false,"_monsterinsights_skip_tracking":false,"_monsterinsights_sitenote_active":false,"_monsterinsights_sitenote_note":"","_monsterinsights_sitenote_category":0,"footnotes":""},"class_list":["post-800","page","type-page","status-publish","hentry"],"acf":[],"_links":{"self":[{"href":"https:\/\/www.fondation-sana.ch\/it\/wp-json\/wp\/v2\/pages\/800","targetHints":{"allow":["GET"]}}],"collection":[{"href":"https:\/\/www.fondation-sana.ch\/it\/wp-json\/wp\/v2\/pages"}],"about":[{"href":"https:\/\/www.fondation-sana.ch\/it\/wp-json\/wp\/v2\/types\/page"}],"author":[{"embeddable":true,"href":"https:\/\/www.fondation-sana.ch\/it\/wp-json\/wp\/v2\/users\/2"}],"replies":[{"embeddable":true,"href":"https:\/\/www.fondation-sana.ch\/it\/wp-json\/wp\/v2\/comments?post=800"}],"version-history":[{"count":5,"href":"https:\/\/www.fondation-sana.ch\/it\/wp-json\/wp\/v2\/pages\/800\/revisions"}],"predecessor-version":[{"id":5092,"href":"https:\/\/www.fondation-sana.ch\/it\/wp-json\/wp\/v2\/pages\/800\/revisions\/5092"}],"up":[{"embeddable":true,"href":"https:\/\/www.fondation-sana.ch\/it\/wp-json\/wp\/v2\/pages\/911"}],"wp:attachment":[{"href":"https:\/\/www.fondation-sana.ch\/it\/wp-json\/wp\/v2\/media?parent=800"}],"curies":[{"name":"wp","href":"https:\/\/api.w.org\/{rel}","templated":true}]}}