{"id":956,"date":"2014-11-07T10:24:46","date_gmt":"2014-11-07T10:24:46","guid":{"rendered":"http:\/\/194.126.200.58\/~fondati1\/?page_id=956"},"modified":"2014-11-25T19:20:46","modified_gmt":"2014-11-25T18:20:46","slug":"sigla-editoriale","status":"publish","type":"page","link":"https:\/\/www.fondation-sana.ch\/it\/sigla-editoriale\/","title":{"rendered":"Sigla editoriale"},"content":{"rendered":"<h3>Gestore del sito<\/h3>\n<p>Fondation Sana<br \/>\nThunstrasse 82<br \/>\nCasella postale 1009<br \/>\n3000 Berna 6<\/p>\n<p>Tel\u00a0 +41 (0)31 368 15 83<br \/>\nFax +41 (0)31 351 00 65<br \/>\n<a href=\"mailto:in**@************na.ch\" data-original-string=\"4vfY4NfQbBnT2l1IXGz1Vg==928m3OInaFVLe\/1PY\/yzzuXe2hFRvJcdEIobzSYi54ymgQ=\" title=\"This contact has been encoded by Anti-Spam by CleanTalk. Click to decode. To finish the decoding make sure that JavaScript is enabled in your browser.\"><span \n                data-original-string='bzgvt7ZZHQlfLwDvdy+ITg==9283xdg69jnOGE9nJPcBWHC9uhCT9JW7\/OcwPoe5uNjkKc='\n                class='apbct-email-encoder'\n                title='This contact has been encoded by Anti-Spam by CleanTalk. Click to decode. To finish the decoding make sure that JavaScript is enabled in your browser.'>in<span class=\"apbct-blur\">**<\/span>@<span class=\"apbct-blur\">************<\/span>na.ch<\/span><\/a><\/p>\n<h3>Copyright<\/h3>\n<p>Fondation Sana \u2013 La riproduzione di articoli e immagini, anche parziale o sotto forma di estratti, \u00e8 consentita solo con l&#8217;espressa autorizzazione di Sana.<\/p>\n<h3>Liberatoria<\/h3>\n<p>Il gestore citato s&#8217;impegna a pubblicare su questo sito web informazioni corrette e complete, tuttavia non assume alcuna responsabilit\u00e0 o garanzia per la correttezza, la completezza e l&#8217;attualit\u00e0 delle informazioni messe a disposizione su questo sito web, compresi gli inserimenti di ogni tipo nelle banche dati.<br \/>\nIl gestore si riserva il diritto di modificare le informazioni su questo sito web in qualsiasi momento e senza preavviso, senza essere tenuto ad aggiornare le informazioni contenute. I link ipertestuali servono esclusivamente a facilitare gli utenti e l&#8217;accettazione di un link non significa in nessun caso il sostegno o la raccomandazione da parte del gestore delle informazioni collegate e non rispecchia l&#8217;opinione del gestore. Il gestore non \u00e8 in alcun caso responsabile per i contenuti dei siti web collegati o per qualsiasi link in un sito web collegato.<br \/>\nIl gestore non pu\u00f2 in nessun caso essere ritenuto responsabile per i danni derivanti dall&#8217;uso, dal contenuto o dalla disponibilit\u00e0 di questo sito web, o dai documenti, dai servizi e dalle informazioni presenti su questo sito web. Ci\u00f2 vale sia per i danni diretti, indiretti o di natura finanziaria sia per i danni conseguenti o di altro tipo derivati dalla perdita di dati, dall&#8217;interruzione del servizio o da altri motivi.<\/p>\n<h3>Indicazione sulla protezione dei dati<\/h3>\n<p>Questo sito web utilizza Google Analytics, un servizio di analisi web di Google Inc. (&#8220;Google&#8221;). Google Analytics utilizza i cosiddetti &#8220;cookie&#8221;: file di testo salvati sul computer dell&#8217;utente per consentire l&#8217;analisi dell&#8217;uso del sito web da parte dell&#8217;utente. Le informazioni generate dai cookie sull&#8217;utilizzo del sito web (compreso l&#8217;indirizzo IP dell&#8217;utente) sono trasferite e salvate su un server di Google negli USA. Google utilizzer\u00e0 queste informazioni per valutare l&#8217;utilizzo del sito web da parte dell&#8217;utente, per fornire resoconti sulle attivit\u00e0 del sito web destinati al gestore del sito e per fornire ulteriori servizi collegati all&#8217;uso del sito web e all&#8217;uso di Internet. Inoltre, Google trasmetter\u00e0 eventualmente tali informazioni a terzi, a condizione che questo sia prescritto dalla legge o a condizione che i terzi trattino i dati per conto di Google. In nessun caso Google assocer\u00e0 l&#8217;indirizzo IP dell&#8217;utente con altri dati di Google. L&#8217;utente pu\u00f2 impedire l&#8217;installazione dei cookie mediante un&#8217;apposita impostazione del software di navigazione, tuttavia questa operazione non \u00e8 consigliata poich\u00e9 potrebbe impedire il corretto utilizzo di ogni funzione di questo sito web. Utilizzando il presente sito web, l&#8217;utente dichiara di accettare il trattamento dei suoi dati raccolti da parte di Google nelle modalit\u00e0 sopra descritte e agli scopi precedentemente illustrati.<\/p>\n","protected":false},"excerpt":{"rendered":"<p>Gestore del sito Fondation Sana Thunstrasse 82 Casella postale 1009 3000 Berna 6 Tel\u00a0 +41 (0)31 368 15 83 Fax +41 (0)31 351 00 65 in**@************na.ch Copyright Fondation Sana \u2013 La riproduzione di articoli e immagini, anche parziale o sotto forma di estratti, \u00e8 consentita solo con l&#8217;espressa autorizzazione di Sana. Liberatoria Il gestore citato [&hellip;]<\/p>\n","protected":false},"author":2,"featured_media":0,"parent":0,"menu_order":0,"comment_status":"closed","ping_status":"closed","template":"g1_template_page_sidebar_right.php","meta":{"_acf_changed":false,"_monsterinsights_skip_tracking":false,"_monsterinsights_sitenote_active":false,"_monsterinsights_sitenote_note":"","_monsterinsights_sitenote_category":0,"footnotes":""},"class_list":["post-956","page","type-page","status-publish","hentry"],"acf":[],"_links":{"self":[{"href":"https:\/\/www.fondation-sana.ch\/it\/wp-json\/wp\/v2\/pages\/956","targetHints":{"allow":["GET"]}}],"collection":[{"href":"https:\/\/www.fondation-sana.ch\/it\/wp-json\/wp\/v2\/pages"}],"about":[{"href":"https:\/\/www.fondation-sana.ch\/it\/wp-json\/wp\/v2\/types\/page"}],"author":[{"embeddable":true,"href":"https:\/\/www.fondation-sana.ch\/it\/wp-json\/wp\/v2\/users\/2"}],"replies":[{"embeddable":true,"href":"https:\/\/www.fondation-sana.ch\/it\/wp-json\/wp\/v2\/comments?post=956"}],"version-history":[{"count":2,"href":"https:\/\/www.fondation-sana.ch\/it\/wp-json\/wp\/v2\/pages\/956\/revisions"}],"predecessor-version":[{"id":1168,"href":"https:\/\/www.fondation-sana.ch\/it\/wp-json\/wp\/v2\/pages\/956\/revisions\/1168"}],"wp:attachment":[{"href":"https:\/\/www.fondation-sana.ch\/it\/wp-json\/wp\/v2\/media?parent=956"}],"curies":[{"name":"wp","href":"https:\/\/api.w.org\/{rel}","templated":true}]}}